{"id":2680,"date":"2025-11-03T14:54:45","date_gmt":"2025-11-03T11:54:45","guid":{"rendered":"https:\/\/goldberg.lv\/shop\/c58-disposable-aspirating-tubes-45shapes-ends-100-pcs\/"},"modified":"2026-04-15T17:45:48","modified_gmt":"2026-04-15T14:45:48","slug":"c58-disposable-aspirating-tubes-45shapes-ends-100-pcs","status":"publish","type":"product","link":"https:\/\/goldberg.lv\/lv\/shop\/c58-disposable-aspirating-tubes-45shapes-ends-100-pcs\/","title":{"rendered":"C58 DISPOSABLE ASPIRATING TUBES 45\u00b0SHAPES ENDS 100 PCS"},"content":{"rendered":"<p>Vienreizlietojam\u0101s aspir\u0101cijas caurul\u012btes, cm 13, \u00f8 mm 11, 45\u00b0 formas gali, 100 gab.<br \/>\nFunkcijas<br \/>\ncm 13, \u00f8 1,1<br \/>\npolietil\u0113ns<br \/>\n100 gab.<\/p>","protected":false},"excerpt":{"rendered":"<p>Disposable aspirating tubes, cm 13, \u00f8 mm 11, 45\u00b0 shaped ends, pcs 100. Features cm 13, \u00f8 1,1 polyethylene 100<\/p>","protected":false},"featured_media":5503,"template":"","meta":[],"product_brand":[94],"product_cat":[51],"product_tag":[],"class_list":{"0":"post-2680","1":"product","2":"type-product","3":"status-publish","4":"has-post-thumbnail","6":"product_brand-larident","7":"product_cat-larident","9":"first","10":"outofstock","11":"shipping-taxable","12":"purchasable","13":"product-type-simple"},"_links":{"self":[{"href":"https:\/\/goldberg.lv\/lv\/wp-json\/wp\/v2\/product\/2680","targetHints":{"allow":["GET"]}}],"collection":[{"href":"https:\/\/goldberg.lv\/lv\/wp-json\/wp\/v2\/product"}],"about":[{"href":"https:\/\/goldberg.lv\/lv\/wp-json\/wp\/v2\/types\/product"}],"wp:featuredmedia":[{"embeddable":true,"href":"https:\/\/goldberg.lv\/lv\/wp-json\/wp\/v2\/media\/5503"}],"wp:attachment":[{"href":"https:\/\/goldberg.lv\/lv\/wp-json\/wp\/v2\/media?parent=2680"}],"wp:term":[{"taxonomy":"product_brand","embeddable":true,"href":"https:\/\/goldberg.lv\/lv\/wp-json\/wp\/v2\/product_brand?post=2680"},{"taxonomy":"product_cat","embeddable":true,"href":"https:\/\/goldberg.lv\/lv\/wp-json\/wp\/v2\/product_cat?post=2680"},{"taxonomy":"product_tag","embeddable":true,"href":"https:\/\/goldberg.lv\/lv\/wp-json\/wp\/v2\/product_tag?post=2680"}],"curies":[{"name":"wp","href":"https:\/\/api.w.org\/{rel}","templated":true}]}}