{"id":2679,"date":"2025-11-03T14:54:43","date_gmt":"2025-11-03T11:54:43","guid":{"rendered":"https:\/\/goldberg.lv\/shop\/c57-r17-cold-bag-tnt-envelope-1pcs\/"},"modified":"2026-04-15T16:13:34","modified_gmt":"2026-04-15T13:13:34","slug":"c57-r17-cold-bag-tnt-envelope-1pcs","status":"publish","type":"product","link":"https:\/\/goldberg.lv\/lv\/shop\/c57-r17-cold-bag-tnt-envelope-1pcs\/","title":{"rendered":"C57 R17 COLD BAG TNT ENVELOPE 1PCS"},"content":{"rendered":"<p>Tnt sals maisi\u0146\u0161, pret pil\u0113\u0161anu, iepakojums 25 gab.<\/p>\n<p>Funkcijas<br \/>\ncm 17\u00d713 (soma)<br \/>\nTNT<br \/>\n25 gab.<br \/>\nPaletes: 81<\/p>","protected":false},"excerpt":{"rendered":"<p>Tnt frost bag, anti drip, package 25 pcs Features cm 17&#215;13 (bag) TNT 25 pcs Pallets: 81<\/p>","protected":false},"featured_media":5504,"template":"","meta":[],"product_brand":[94],"product_cat":[51],"product_tag":[],"class_list":{"0":"post-2679","1":"product","2":"type-product","3":"status-publish","4":"has-post-thumbnail","6":"product_brand-larident","7":"product_cat-larident","9":"first","10":"instock","11":"shipping-taxable","12":"purchasable","13":"product-type-simple"},"_links":{"self":[{"href":"https:\/\/goldberg.lv\/lv\/wp-json\/wp\/v2\/product\/2679","targetHints":{"allow":["GET"]}}],"collection":[{"href":"https:\/\/goldberg.lv\/lv\/wp-json\/wp\/v2\/product"}],"about":[{"href":"https:\/\/goldberg.lv\/lv\/wp-json\/wp\/v2\/types\/product"}],"wp:featuredmedia":[{"embeddable":true,"href":"https:\/\/goldberg.lv\/lv\/wp-json\/wp\/v2\/media\/5504"}],"wp:attachment":[{"href":"https:\/\/goldberg.lv\/lv\/wp-json\/wp\/v2\/media?parent=2679"}],"wp:term":[{"taxonomy":"product_brand","embeddable":true,"href":"https:\/\/goldberg.lv\/lv\/wp-json\/wp\/v2\/product_brand?post=2679"},{"taxonomy":"product_cat","embeddable":true,"href":"https:\/\/goldberg.lv\/lv\/wp-json\/wp\/v2\/product_cat?post=2679"},{"taxonomy":"product_tag","embeddable":true,"href":"https:\/\/goldberg.lv\/lv\/wp-json\/wp\/v2\/product_tag?post=2679"}],"curies":[{"name":"wp","href":"https:\/\/api.w.org\/{rel}","templated":true}]}}