{"id":2675,"date":"2025-11-03T14:54:35","date_gmt":"2025-11-03T11:54:35","guid":{"rendered":"https:\/\/goldberg.lv\/shop\/c56-long-saliva-ejector-pck-1-x-100-pz-fx\/"},"modified":"2026-04-15T17:45:47","modified_gmt":"2026-04-15T14:45:47","slug":"c56-long-saliva-ejector-pck-1-x-100-pz-fx","status":"publish","type":"product","link":"https:\/\/goldberg.lv\/lv\/shop\/c56-long-saliva-ejector-pck-1-x-100-pz-fx\/","title":{"rendered":"C56 LONG SALIVA EJECTOR PCK 1 x 100 PZ.  FX"},"content":{"rendered":"<p>Tum\u0161i roz\u0101 Vienreizlietojamie garie siekalu e\u017eektori, kas izgatavoti no netoksiska PVC ar met\u0101la stiepli<\/p>\n<p>Funkcijas<br \/>\n14,5 cm<br \/>\nPVC<br \/>\n100 (kartona k\u0101rba ar 50 maisi\u0146iem) gab.<br \/>\nPaletes: 36 gab.<\/p>","protected":false},"excerpt":{"rendered":"<p>Dark Pink Disposable long saliva ejectors made in no toxic PVC with metal wire Features 14,5 cm PVC 100 (carton<\/p>","protected":false},"featured_media":5505,"template":"","meta":[],"product_brand":[94],"product_cat":[51],"product_tag":[],"class_list":{"0":"post-2675","1":"product","2":"type-product","3":"status-publish","4":"has-post-thumbnail","6":"product_brand-larident","7":"product_cat-larident","9":"first","10":"outofstock","11":"shipping-taxable","12":"purchasable","13":"product-type-simple"},"_links":{"self":[{"href":"https:\/\/goldberg.lv\/lv\/wp-json\/wp\/v2\/product\/2675","targetHints":{"allow":["GET"]}}],"collection":[{"href":"https:\/\/goldberg.lv\/lv\/wp-json\/wp\/v2\/product"}],"about":[{"href":"https:\/\/goldberg.lv\/lv\/wp-json\/wp\/v2\/types\/product"}],"wp:featuredmedia":[{"embeddable":true,"href":"https:\/\/goldberg.lv\/lv\/wp-json\/wp\/v2\/media\/5505"}],"wp:attachment":[{"href":"https:\/\/goldberg.lv\/lv\/wp-json\/wp\/v2\/media?parent=2675"}],"wp:term":[{"taxonomy":"product_brand","embeddable":true,"href":"https:\/\/goldberg.lv\/lv\/wp-json\/wp\/v2\/product_brand?post=2675"},{"taxonomy":"product_cat","embeddable":true,"href":"https:\/\/goldberg.lv\/lv\/wp-json\/wp\/v2\/product_cat?post=2675"},{"taxonomy":"product_tag","embeddable":true,"href":"https:\/\/goldberg.lv\/lv\/wp-json\/wp\/v2\/product_tag?post=2675"}],"curies":[{"name":"wp","href":"https:\/\/api.w.org\/{rel}","templated":true}]}}