{"id":2672,"date":"2025-11-03T14:54:25","date_gmt":"2025-11-03T11:54:25","guid":{"rendered":"https:\/\/goldberg.lv\/shop\/c56-long-saliva-ejector-pck-1-x-100-pz-tr\/"},"modified":"2026-04-15T17:45:46","modified_gmt":"2026-04-15T14:45:46","slug":"c56-long-saliva-ejector-pck-1-x-100-pz-tr","status":"publish","type":"product","link":"https:\/\/goldberg.lv\/lv\/shop\/c56-long-saliva-ejector-pck-1-x-100-pz-tr\/","title":{"rendered":"C56 LONG SALIVA EJECTOR PCK 1 x 100 PZ.  TR"},"content":{"rendered":"<p>Caursp\u012bd\u012bgi vienreizlietojamie garie siekalu e\u017eektori, kas izgatavoti no netoksiska PVC ar met\u0101la stiepli<\/p>\n<p>Funkcijas<br \/>\n14,5 cm<br \/>\nPVC<br \/>\n100 (kartona k\u0101rba ar 50 maisi\u0146iem) gab.<br \/>\nPaletes: 36 gab.<\/p>","protected":false},"excerpt":{"rendered":"<p>Transparent Disposable long saliva ejectors made in no toxic PVC with metal wire Features 14,5 cm PVC 100 (carton of<\/p>","protected":false},"featured_media":5505,"template":"","meta":[],"product_brand":[94],"product_cat":[51],"product_tag":[],"class_list":{"0":"post-2672","1":"product","2":"type-product","3":"status-publish","4":"has-post-thumbnail","6":"product_brand-larident","7":"product_cat-larident","9":"first","10":"outofstock","11":"shipping-taxable","12":"purchasable","13":"product-type-simple"},"_links":{"self":[{"href":"https:\/\/goldberg.lv\/lv\/wp-json\/wp\/v2\/product\/2672","targetHints":{"allow":["GET"]}}],"collection":[{"href":"https:\/\/goldberg.lv\/lv\/wp-json\/wp\/v2\/product"}],"about":[{"href":"https:\/\/goldberg.lv\/lv\/wp-json\/wp\/v2\/types\/product"}],"wp:featuredmedia":[{"embeddable":true,"href":"https:\/\/goldberg.lv\/lv\/wp-json\/wp\/v2\/media\/5505"}],"wp:attachment":[{"href":"https:\/\/goldberg.lv\/lv\/wp-json\/wp\/v2\/media?parent=2672"}],"wp:term":[{"taxonomy":"product_brand","embeddable":true,"href":"https:\/\/goldberg.lv\/lv\/wp-json\/wp\/v2\/product_brand?post=2672"},{"taxonomy":"product_cat","embeddable":true,"href":"https:\/\/goldberg.lv\/lv\/wp-json\/wp\/v2\/product_cat?post=2672"},{"taxonomy":"product_tag","embeddable":true,"href":"https:\/\/goldberg.lv\/lv\/wp-json\/wp\/v2\/product_tag?post=2672"}],"curies":[{"name":"wp","href":"https:\/\/api.w.org\/{rel}","templated":true}]}}