{"id":2666,"date":"2025-11-03T14:54:14","date_gmt":"2025-11-03T11:54:14","guid":{"rendered":"https:\/\/goldberg.lv\/shop\/c36-composite-brushes-kit-with-6-handles-and-400brushes\/"},"modified":"2026-04-15T17:45:46","modified_gmt":"2026-04-15T14:45:46","slug":"c36-composite-brushes-kit-with-6-handles-and-400brushes","status":"publish","type":"product","link":"https:\/\/goldberg.lv\/lv\/shop\/c36-composite-brushes-kit-with-6-handles-and-400brushes\/","title":{"rendered":"C36 Kompoz\u012btu suku komplekts ar 6 rokturiem un 400 sukas"},"content":{"rendered":"<p>Kompoz\u012btu suku komplekts ar 6 rokturiem un 400 ot\u0101m (100 katram izm\u0113ram) no iztur\u012bgas plastmasas (kop\u0101 400 gab.).<\/p>\n<p>Funkcijas<br \/>\ncm 17\u00d714 h 4<br \/>\nPlastmasa<br \/>\nKomplekts gab.<\/p>","protected":false},"excerpt":{"rendered":"<p>Composite brushes kit with 6 handles and 400 brushes (100 for each size) in sturdy plastic (total 400 pcs) Features<\/p>","protected":false},"featured_media":5492,"template":"","meta":[],"product_brand":[94],"product_cat":[51],"product_tag":[],"class_list":{"0":"post-2666","1":"product","2":"type-product","3":"status-publish","4":"has-post-thumbnail","6":"product_brand-larident","7":"product_cat-larident","9":"first","10":"instock","11":"shipping-taxable","12":"purchasable","13":"product-type-simple"},"_links":{"self":[{"href":"https:\/\/goldberg.lv\/lv\/wp-json\/wp\/v2\/product\/2666","targetHints":{"allow":["GET"]}}],"collection":[{"href":"https:\/\/goldberg.lv\/lv\/wp-json\/wp\/v2\/product"}],"about":[{"href":"https:\/\/goldberg.lv\/lv\/wp-json\/wp\/v2\/types\/product"}],"wp:featuredmedia":[{"embeddable":true,"href":"https:\/\/goldberg.lv\/lv\/wp-json\/wp\/v2\/media\/5492"}],"wp:attachment":[{"href":"https:\/\/goldberg.lv\/lv\/wp-json\/wp\/v2\/media?parent=2666"}],"wp:term":[{"taxonomy":"product_brand","embeddable":true,"href":"https:\/\/goldberg.lv\/lv\/wp-json\/wp\/v2\/product_brand?post=2666"},{"taxonomy":"product_cat","embeddable":true,"href":"https:\/\/goldberg.lv\/lv\/wp-json\/wp\/v2\/product_cat?post=2666"},{"taxonomy":"product_tag","embeddable":true,"href":"https:\/\/goldberg.lv\/lv\/wp-json\/wp\/v2\/product_tag?post=2666"}],"curies":[{"name":"wp","href":"https:\/\/api.w.org\/{rel}","templated":true}]}}