{"id":2663,"date":"2025-11-03T14:54:08","date_gmt":"2025-11-03T11:54:08","guid":{"rendered":"https:\/\/goldberg.lv\/shop\/c29-pet-plastic-disposable-tray-pcs-400-ye\/"},"modified":"2026-04-15T16:13:26","modified_gmt":"2026-04-15T13:13:26","slug":"c29-pet-plastic-disposable-tray-pcs-400-ye","status":"publish","type":"product","link":"https:\/\/goldberg.lv\/lv\/shop\/c29-pet-plastic-disposable-tray-pcs-400-ye\/","title":{"rendered":"C29 PET PLASTIC DISPOSABLE TRAY PCS.400 YE"},"content":{"rendered":"<p>PET vienreizlietojam\u0101 papl\u0101te, liela, ar rievotu virsmu un paaugstin\u0101t\u0101m mal\u0101m, balta, 400 gab (maisi\u0146os pa 200 gab.).<\/p>\n<p>Funkcijas<br \/>\ncm 28\u00d718<br \/>\nPET<br \/>\n400 (maisos pa 50 gab.) gab.<br \/>\nPaletes: 120 gab.<\/p>\n<p>Dzeltenais<\/p>","protected":false},"excerpt":{"rendered":"<p>PET disposable tray, large, with knurled surface and raised edges, white, 400 pcs (in bags of 200 pcs). Features cm<\/p>","protected":false},"featured_media":5494,"template":"","meta":[],"product_brand":[94],"product_cat":[51],"product_tag":[],"class_list":{"0":"post-2663","1":"product","2":"type-product","3":"status-publish","4":"has-post-thumbnail","6":"product_brand-larident","7":"product_cat-larident","9":"first","10":"instock","11":"shipping-taxable","12":"purchasable","13":"product-type-simple"},"_links":{"self":[{"href":"https:\/\/goldberg.lv\/lv\/wp-json\/wp\/v2\/product\/2663","targetHints":{"allow":["GET"]}}],"collection":[{"href":"https:\/\/goldberg.lv\/lv\/wp-json\/wp\/v2\/product"}],"about":[{"href":"https:\/\/goldberg.lv\/lv\/wp-json\/wp\/v2\/types\/product"}],"wp:featuredmedia":[{"embeddable":true,"href":"https:\/\/goldberg.lv\/lv\/wp-json\/wp\/v2\/media\/5494"}],"wp:attachment":[{"href":"https:\/\/goldberg.lv\/lv\/wp-json\/wp\/v2\/media?parent=2663"}],"wp:term":[{"taxonomy":"product_brand","embeddable":true,"href":"https:\/\/goldberg.lv\/lv\/wp-json\/wp\/v2\/product_brand?post=2663"},{"taxonomy":"product_cat","embeddable":true,"href":"https:\/\/goldberg.lv\/lv\/wp-json\/wp\/v2\/product_cat?post=2663"},{"taxonomy":"product_tag","embeddable":true,"href":"https:\/\/goldberg.lv\/lv\/wp-json\/wp\/v2\/product_tag?post=2663"}],"curies":[{"name":"wp","href":"https:\/\/api.w.org\/{rel}","templated":true}]}}