{"id":2658,"date":"2025-11-03T14:53:58","date_gmt":"2025-11-03T11:53:58","guid":{"rendered":"https:\/\/goldberg.lv\/shop\/c25-coloured-disposable-tray-pz-400-ro\/"},"modified":"2026-04-15T17:45:45","modified_gmt":"2026-04-15T14:45:45","slug":"c25-coloured-disposable-tray-pz-400-ro","status":"publish","type":"product","link":"https:\/\/goldberg.lv\/lv\/shop\/c25-coloured-disposable-tray-pz-400-ro\/","title":{"rendered":"C25 KR\u0100SAINA VIENREIZLIETOJAMA PAPL\u0100TE PZ.400 RO"},"content":{"rendered":"<p>Kr\u0101saini vienreizlietojamie papl\u0101tes, vienkr\u0101saini iepakojumi, polistirola kr\u0101saina plastmasas papl\u0101te ar rievotu virsmu un paaugstin\u0101t\u0101m mal\u0101m, liels izm\u0113rs, 400 gab (maisi\u0146os pa 50 gab.).<\/p>\n<p>Funkcijas<br \/>\ncm 28\u00d718<br \/>\nPolistirols<br \/>\n400 (maisos pa 50 gab.) gab.<br \/>\nPaletes: 72 gab.<\/p>\n<p>Roz\u0101<\/p>","protected":false},"excerpt":{"rendered":"<p>Coloured disposable trays, single colour packs, polystyrene coloured plastic tray with knurled surface and raised edges, big size, 400 pcs<\/p>","protected":false},"featured_media":5498,"template":"","meta":[],"product_brand":[94],"product_cat":[51],"product_tag":[],"class_list":{"0":"post-2658","1":"product","2":"type-product","3":"status-publish","4":"has-post-thumbnail","6":"product_brand-larident","7":"product_cat-larident","9":"first","10":"outofstock","11":"shipping-taxable","12":"purchasable","13":"product-type-simple"},"_links":{"self":[{"href":"https:\/\/goldberg.lv\/lv\/wp-json\/wp\/v2\/product\/2658","targetHints":{"allow":["GET"]}}],"collection":[{"href":"https:\/\/goldberg.lv\/lv\/wp-json\/wp\/v2\/product"}],"about":[{"href":"https:\/\/goldberg.lv\/lv\/wp-json\/wp\/v2\/types\/product"}],"wp:featuredmedia":[{"embeddable":true,"href":"https:\/\/goldberg.lv\/lv\/wp-json\/wp\/v2\/media\/5498"}],"wp:attachment":[{"href":"https:\/\/goldberg.lv\/lv\/wp-json\/wp\/v2\/media?parent=2658"}],"wp:term":[{"taxonomy":"product_brand","embeddable":true,"href":"https:\/\/goldberg.lv\/lv\/wp-json\/wp\/v2\/product_brand?post=2658"},{"taxonomy":"product_cat","embeddable":true,"href":"https:\/\/goldberg.lv\/lv\/wp-json\/wp\/v2\/product_cat?post=2658"},{"taxonomy":"product_tag","embeddable":true,"href":"https:\/\/goldberg.lv\/lv\/wp-json\/wp\/v2\/product_tag?post=2658"}],"curies":[{"name":"wp","href":"https:\/\/api.w.org\/{rel}","templated":true}]}}