{"id":2646,"date":"2025-11-03T14:53:42","date_gmt":"2025-11-03T11:53:42","guid":{"rendered":"https:\/\/goldberg.lv\/shop\/c12-mixing-poly-pads100-sheets-14-x-8-100-pcs\/"},"modified":"2026-04-15T16:13:16","modified_gmt":"2026-04-15T13:13:16","slug":"c12-mixing-poly-pads100-sheets-14-x-8-100-pcs","status":"publish","type":"product","link":"https:\/\/goldberg.lv\/lv\/shop\/c12-mixing-poly-pads100-sheets-14-x-8-100-pcs\/","title":{"rendered":"C12 MIXING POLY PADS,100 SHEETS 14 X 8 100 PCS"},"content":{"rendered":"<p>Pap\u012bra plastific\u0113ts mais\u012b\u0161anas spilventi\u0146\u0161, pretsl\u012bdo\u0161a pamatne, biezums 0,12 mm.<\/p>\n<p>Funkcijas<br \/>\nPVC<\/p>","protected":false},"excerpt":{"rendered":"<p>Paper plastified mixing pad, anti-slip base, thickness 0,12 mm. Features PVC<\/p>","protected":false},"featured_media":5479,"template":"","meta":[],"product_brand":[94],"product_cat":[51],"product_tag":[],"class_list":{"0":"post-2646","1":"product","2":"type-product","3":"status-publish","4":"has-post-thumbnail","6":"product_brand-larident","7":"product_cat-larident","9":"first","10":"instock","11":"shipping-taxable","12":"purchasable","13":"product-type-simple"},"_links":{"self":[{"href":"https:\/\/goldberg.lv\/lv\/wp-json\/wp\/v2\/product\/2646","targetHints":{"allow":["GET"]}}],"collection":[{"href":"https:\/\/goldberg.lv\/lv\/wp-json\/wp\/v2\/product"}],"about":[{"href":"https:\/\/goldberg.lv\/lv\/wp-json\/wp\/v2\/types\/product"}],"wp:featuredmedia":[{"embeddable":true,"href":"https:\/\/goldberg.lv\/lv\/wp-json\/wp\/v2\/media\/5479"}],"wp:attachment":[{"href":"https:\/\/goldberg.lv\/lv\/wp-json\/wp\/v2\/media?parent=2646"}],"wp:term":[{"taxonomy":"product_brand","embeddable":true,"href":"https:\/\/goldberg.lv\/lv\/wp-json\/wp\/v2\/product_brand?post=2646"},{"taxonomy":"product_cat","embeddable":true,"href":"https:\/\/goldberg.lv\/lv\/wp-json\/wp\/v2\/product_cat?post=2646"},{"taxonomy":"product_tag","embeddable":true,"href":"https:\/\/goldberg.lv\/lv\/wp-json\/wp\/v2\/product_tag?post=2646"}],"curies":[{"name":"wp","href":"https:\/\/api.w.org\/{rel}","templated":true}]}}