{"id":2645,"date":"2025-11-03T14:53:41","date_gmt":"2025-11-03T11:53:41","guid":{"rendered":"https:\/\/goldberg.lv\/shop\/c11-mixing-poly-pads100-sheets-cm-8x8\/"},"modified":"2026-04-15T17:45:40","modified_gmt":"2026-04-15T14:45:40","slug":"c11-mixing-poly-pads100-sheets-cm-8x8","status":"publish","type":"product","link":"https:\/\/goldberg.lv\/lv\/shop\/c11-mixing-poly-pads100-sheets-cm-8x8\/","title":{"rendered":"C11 MAIS\u012a\u0160ANAS POLI SPILVENTI\u0145I, 100 LAPAS CM.8\u00d78."},"content":{"rendered":"<p>C11<br \/>\nBiezums 0,14 mm, 8\u00d78 cm, 100 lapas<br \/>\ncm 8\u00d78<br \/>\n6 gab.<\/p>","protected":false},"excerpt":{"rendered":"<p>C11 Thickness 0,14 mm, 8\u00d78 cm, 100 sheets cm 8&#215;8 6 pcs<\/p>","protected":false},"featured_media":5479,"template":"","meta":[],"product_brand":[94],"product_cat":[51],"product_tag":[],"class_list":{"0":"post-2645","1":"product","2":"type-product","3":"status-publish","4":"has-post-thumbnail","6":"product_brand-larident","7":"product_cat-larident","9":"first","10":"instock","11":"shipping-taxable","12":"purchasable","13":"product-type-simple"},"_links":{"self":[{"href":"https:\/\/goldberg.lv\/lv\/wp-json\/wp\/v2\/product\/2645","targetHints":{"allow":["GET"]}}],"collection":[{"href":"https:\/\/goldberg.lv\/lv\/wp-json\/wp\/v2\/product"}],"about":[{"href":"https:\/\/goldberg.lv\/lv\/wp-json\/wp\/v2\/types\/product"}],"wp:featuredmedia":[{"embeddable":true,"href":"https:\/\/goldberg.lv\/lv\/wp-json\/wp\/v2\/media\/5479"}],"wp:attachment":[{"href":"https:\/\/goldberg.lv\/lv\/wp-json\/wp\/v2\/media?parent=2645"}],"wp:term":[{"taxonomy":"product_brand","embeddable":true,"href":"https:\/\/goldberg.lv\/lv\/wp-json\/wp\/v2\/product_brand?post=2645"},{"taxonomy":"product_cat","embeddable":true,"href":"https:\/\/goldberg.lv\/lv\/wp-json\/wp\/v2\/product_cat?post=2645"},{"taxonomy":"product_tag","embeddable":true,"href":"https:\/\/goldberg.lv\/lv\/wp-json\/wp\/v2\/product_tag?post=2645"}],"curies":[{"name":"wp","href":"https:\/\/api.w.org\/{rel}","templated":true}]}}