{"id":2643,"date":"2025-11-03T14:53:39","date_gmt":"2025-11-03T11:53:39","guid":{"rendered":"https:\/\/goldberg.lv\/shop\/b25-full-scale-transparent-model\/"},"modified":"2026-04-15T16:13:15","modified_gmt":"2026-04-15T13:13:15","slug":"b25-full-scale-transparent-model","status":"publish","type":"product","link":"https:\/\/goldberg.lv\/lv\/shop\/b25-full-scale-transparent-model\/","title":{"rendered":"B25 PILNA M\u0112ROGA CAURSP\u012aD\u012aGS MODELIS"},"content":{"rendered":"<p>Pilna m\u0113roga caursp\u012bd\u012bgs modelis, kur\u0101 redzamas da\u017e\u0101das patolo\u0123ijas. Tilti, implanti, zobu rekonstrukcijas, kro\u0146i, zobu boj\u0101jumi un zobi ar redzamiem \u017eok\u013ca nerviem. Ilustr\u0113ta bro\u0161\u016bra<\/p>\n<p>Funkcijas<br \/>\ncm 11x7x6<\/p>","protected":false},"excerpt":{"rendered":"<p>Full-scale transparent model showing different pathologies. Bridges, implants, tooth reconstructions, crowns, tooth decay, and teeth with jaw nerve showing. An<\/p>","protected":false},"featured_media":5480,"template":"","meta":[],"product_brand":[94],"product_cat":[51],"product_tag":[],"class_list":{"0":"post-2643","1":"product","2":"type-product","3":"status-publish","4":"has-post-thumbnail","6":"product_brand-larident","7":"product_cat-larident","9":"first","10":"instock","11":"shipping-taxable","12":"purchasable","13":"product-type-simple"},"_links":{"self":[{"href":"https:\/\/goldberg.lv\/lv\/wp-json\/wp\/v2\/product\/2643","targetHints":{"allow":["GET"]}}],"collection":[{"href":"https:\/\/goldberg.lv\/lv\/wp-json\/wp\/v2\/product"}],"about":[{"href":"https:\/\/goldberg.lv\/lv\/wp-json\/wp\/v2\/types\/product"}],"wp:featuredmedia":[{"embeddable":true,"href":"https:\/\/goldberg.lv\/lv\/wp-json\/wp\/v2\/media\/5480"}],"wp:attachment":[{"href":"https:\/\/goldberg.lv\/lv\/wp-json\/wp\/v2\/media?parent=2643"}],"wp:term":[{"taxonomy":"product_brand","embeddable":true,"href":"https:\/\/goldberg.lv\/lv\/wp-json\/wp\/v2\/product_brand?post=2643"},{"taxonomy":"product_cat","embeddable":true,"href":"https:\/\/goldberg.lv\/lv\/wp-json\/wp\/v2\/product_cat?post=2643"},{"taxonomy":"product_tag","embeddable":true,"href":"https:\/\/goldberg.lv\/lv\/wp-json\/wp\/v2\/product_tag?post=2643"}],"curies":[{"name":"wp","href":"https:\/\/api.w.org\/{rel}","templated":true}]}}