{"id":2640,"date":"2025-11-03T14:53:35","date_gmt":"2025-11-03T11:53:35","guid":{"rendered":"https:\/\/goldberg.lv\/shop\/a6-4-plastic-implant-instruments\/"},"modified":"2026-04-15T17:45:38","modified_gmt":"2026-04-15T14:45:38","slug":"a6-4-plastic-implant-instruments","status":"publish","type":"product","link":"https:\/\/goldberg.lv\/lv\/shop\/a6-4-plastic-implant-instruments\/","title":{"rendered":"A6 4 PLASTMASAS IMPLANTU INSTRUMENTI"},"content":{"rendered":"<p>\u010cetri plastmasas implantu instrumenti, autokl\u0101v\u0113jami<\/p>\n<p>Funkcijas<br \/>\ncm 15<br \/>\nAcet\u0101ls<br \/>\n4 gab.<\/p>","protected":false},"excerpt":{"rendered":"<p>Four plastic implant instruments, autoclavable Features cm 15 Acetal 4 pcs<\/p>","protected":false},"featured_media":5482,"template":"","meta":[],"product_brand":[94],"product_cat":[51],"product_tag":[],"class_list":{"0":"post-2640","1":"product","2":"type-product","3":"status-publish","4":"has-post-thumbnail","6":"product_brand-larident","7":"product_cat-larident","9":"first","10":"instock","11":"shipping-taxable","12":"purchasable","13":"product-type-simple"},"_links":{"self":[{"href":"https:\/\/goldberg.lv\/lv\/wp-json\/wp\/v2\/product\/2640","targetHints":{"allow":["GET"]}}],"collection":[{"href":"https:\/\/goldberg.lv\/lv\/wp-json\/wp\/v2\/product"}],"about":[{"href":"https:\/\/goldberg.lv\/lv\/wp-json\/wp\/v2\/types\/product"}],"wp:featuredmedia":[{"embeddable":true,"href":"https:\/\/goldberg.lv\/lv\/wp-json\/wp\/v2\/media\/5482"}],"wp:attachment":[{"href":"https:\/\/goldberg.lv\/lv\/wp-json\/wp\/v2\/media?parent=2640"}],"wp:term":[{"taxonomy":"product_brand","embeddable":true,"href":"https:\/\/goldberg.lv\/lv\/wp-json\/wp\/v2\/product_brand?post=2640"},{"taxonomy":"product_cat","embeddable":true,"href":"https:\/\/goldberg.lv\/lv\/wp-json\/wp\/v2\/product_cat?post=2640"},{"taxonomy":"product_tag","embeddable":true,"href":"https:\/\/goldberg.lv\/lv\/wp-json\/wp\/v2\/product_tag?post=2640"}],"curies":[{"name":"wp","href":"https:\/\/api.w.org\/{rel}","templated":true}]}}