{"id":2635,"date":"2025-11-03T14:53:30","date_gmt":"2025-11-03T11:53:30","guid":{"rendered":"https:\/\/goldberg.lv\/shop\/a4-cotton-roll-holder-ye\/"},"modified":"2026-04-15T16:13:09","modified_gmt":"2026-04-15T13:13:09","slug":"a4-cotton-roll-holder-ye","status":"publish","type":"product","link":"https:\/\/goldberg.lv\/lv\/shop\/a4-cotton-roll-holder-ye\/","title":{"rendered":"A4 KOKVILNAS RU\u013b\u013bU TUR\u0112T\u0100JS YE"},"content":{"rendered":"<p>Kokvilnas ru\u013c\u013cu dozators, 50 ru\u013c\u013cu ietilp\u012bba<\/p>\n<p>Funkcijas<br \/>\ncm 9,5\u00d75 h 10<br \/>\nABS<br \/>\n1 gab.<\/p>","protected":false},"excerpt":{"rendered":"<p>Cotton roll dispenser, capacity of 50 rolls Features cm 9,5&#215;5 h 10 ABS 1 pcs<\/p>","protected":false},"featured_media":5488,"template":"","meta":[],"product_brand":[94],"product_cat":[51],"product_tag":[],"class_list":{"0":"post-2635","1":"product","2":"type-product","3":"status-publish","4":"has-post-thumbnail","6":"product_brand-larident","7":"product_cat-larident","9":"first","10":"instock","11":"shipping-taxable","12":"purchasable","13":"product-type-simple"},"_links":{"self":[{"href":"https:\/\/goldberg.lv\/lv\/wp-json\/wp\/v2\/product\/2635","targetHints":{"allow":["GET"]}}],"collection":[{"href":"https:\/\/goldberg.lv\/lv\/wp-json\/wp\/v2\/product"}],"about":[{"href":"https:\/\/goldberg.lv\/lv\/wp-json\/wp\/v2\/types\/product"}],"wp:featuredmedia":[{"embeddable":true,"href":"https:\/\/goldberg.lv\/lv\/wp-json\/wp\/v2\/media\/5488"}],"wp:attachment":[{"href":"https:\/\/goldberg.lv\/lv\/wp-json\/wp\/v2\/media?parent=2635"}],"wp:term":[{"taxonomy":"product_brand","embeddable":true,"href":"https:\/\/goldberg.lv\/lv\/wp-json\/wp\/v2\/product_brand?post=2635"},{"taxonomy":"product_cat","embeddable":true,"href":"https:\/\/goldberg.lv\/lv\/wp-json\/wp\/v2\/product_cat?post=2635"},{"taxonomy":"product_tag","embeddable":true,"href":"https:\/\/goldberg.lv\/lv\/wp-json\/wp\/v2\/product_tag?post=2635"}],"curies":[{"name":"wp","href":"https:\/\/api.w.org\/{rel}","templated":true}]}}