{"id":2628,"date":"2025-11-03T14:53:22","date_gmt":"2025-11-03T11:53:22","guid":{"rendered":"https:\/\/goldberg.lv\/shop\/a34-towels-dispenser-standard-gr\/"},"modified":"2026-04-15T16:12:57","modified_gmt":"2026-04-15T13:12:57","slug":"a34-towels-dispenser-standard-gr","status":"publish","type":"product","link":"https:\/\/goldberg.lv\/lv\/shop\/a34-towels-dispenser-standard-gr\/","title":{"rendered":"A34 DVIE\u013bU DOZATORS STANDARTA GR"},"content":{"rendered":"<p>Pap\u012bra dvie\u013cu dozators<br \/>\nFunkcijas<br \/>\ncm 18\u00d713 h 17<br \/>\nABS<br \/>\n1 gab.<br \/>\nza\u013c\u0161<\/p>","protected":false},"excerpt":{"rendered":"<p>Paper towels dispenser Features cm 18\u00d713 h 17 ABS 1 pcs green<\/p>","protected":false},"featured_media":5478,"template":"","meta":[],"product_brand":[94],"product_cat":[51],"product_tag":[],"class_list":{"0":"post-2628","1":"product","2":"type-product","3":"status-publish","4":"has-post-thumbnail","6":"product_brand-larident","7":"product_cat-larident","9":"first","10":"instock","11":"shipping-taxable","12":"purchasable","13":"product-type-simple"},"_links":{"self":[{"href":"https:\/\/goldberg.lv\/lv\/wp-json\/wp\/v2\/product\/2628","targetHints":{"allow":["GET"]}}],"collection":[{"href":"https:\/\/goldberg.lv\/lv\/wp-json\/wp\/v2\/product"}],"about":[{"href":"https:\/\/goldberg.lv\/lv\/wp-json\/wp\/v2\/types\/product"}],"wp:featuredmedia":[{"embeddable":true,"href":"https:\/\/goldberg.lv\/lv\/wp-json\/wp\/v2\/media\/5478"}],"wp:attachment":[{"href":"https:\/\/goldberg.lv\/lv\/wp-json\/wp\/v2\/media?parent=2628"}],"wp:term":[{"taxonomy":"product_brand","embeddable":true,"href":"https:\/\/goldberg.lv\/lv\/wp-json\/wp\/v2\/product_brand?post=2628"},{"taxonomy":"product_cat","embeddable":true,"href":"https:\/\/goldberg.lv\/lv\/wp-json\/wp\/v2\/product_cat?post=2628"},{"taxonomy":"product_tag","embeddable":true,"href":"https:\/\/goldberg.lv\/lv\/wp-json\/wp\/v2\/product_tag?post=2628"}],"curies":[{"name":"wp","href":"https:\/\/api.w.org\/{rel}","templated":true}]}}