{"id":2625,"date":"2025-11-03T14:53:18","date_gmt":"2025-11-03T11:53:18","guid":{"rendered":"https:\/\/goldberg.lv\/shop\/a32-bib-clip-stery\/"},"modified":"2026-04-15T17:45:37","modified_gmt":"2026-04-15T14:45:37","slug":"a32-bib-clip-stery","status":"publish","type":"product","link":"https:\/\/goldberg.lv\/lv\/shop\/a32-bib-clip-stery\/","title":{"rendered":"A32 KR\u016a\u0160TURA SIKSNI\u0145AS KLIPS"},"content":{"rendered":"<p>Termoplastisk\u0101s gumijas kr\u016b\u0161tura tur\u0113t\u0101js. Autokl\u0101v\u0113jams. Iepakojum\u0101 10 gab., da\u017e\u0101d\u0101s kr\u0101s\u0101s.<\/p>\n<p>Funkcijas<br \/>\ncm 47<br \/>\nTermoplastisk\u0101 gumija, met\u0101ls<br \/>\n10 gab.<\/p>","protected":false},"excerpt":{"rendered":"<p>Bib holder in thermoplastic rubber. Autoclavable. Packaging of 10 pcs, in assorted colours Features cm 47 Thermoplastic rubber, metal 10<\/p>","protected":false},"featured_media":5477,"template":"","meta":[],"product_brand":[94],"product_cat":[51],"product_tag":[],"class_list":{"0":"post-2625","1":"product","2":"type-product","3":"status-publish","4":"has-post-thumbnail","6":"product_brand-larident","7":"product_cat-larident","9":"first","10":"outofstock","11":"shipping-taxable","12":"purchasable","13":"product-type-simple"},"_links":{"self":[{"href":"https:\/\/goldberg.lv\/lv\/wp-json\/wp\/v2\/product\/2625","targetHints":{"allow":["GET"]}}],"collection":[{"href":"https:\/\/goldberg.lv\/lv\/wp-json\/wp\/v2\/product"}],"about":[{"href":"https:\/\/goldberg.lv\/lv\/wp-json\/wp\/v2\/types\/product"}],"wp:featuredmedia":[{"embeddable":true,"href":"https:\/\/goldberg.lv\/lv\/wp-json\/wp\/v2\/media\/5477"}],"wp:attachment":[{"href":"https:\/\/goldberg.lv\/lv\/wp-json\/wp\/v2\/media?parent=2625"}],"wp:term":[{"taxonomy":"product_brand","embeddable":true,"href":"https:\/\/goldberg.lv\/lv\/wp-json\/wp\/v2\/product_brand?post=2625"},{"taxonomy":"product_cat","embeddable":true,"href":"https:\/\/goldberg.lv\/lv\/wp-json\/wp\/v2\/product_cat?post=2625"},{"taxonomy":"product_tag","embeddable":true,"href":"https:\/\/goldberg.lv\/lv\/wp-json\/wp\/v2\/product_tag?post=2625"}],"curies":[{"name":"wp","href":"https:\/\/api.w.org\/{rel}","templated":true}]}}