{"id":2622,"date":"2025-11-03T14:53:15","date_gmt":"2025-11-03T11:53:15","guid":{"rendered":"https:\/\/goldberg.lv\/shop\/a25-3-set-5-replacement-o-rings\/"},"modified":"2026-04-15T16:12:53","modified_gmt":"2026-04-15T13:12:53","slug":"a25-3-set-5-replacement-o-rings","status":"publish","type":"product","link":"https:\/\/goldberg.lv\/lv\/shop\/a25-3-set-5-replacement-o-rings\/","title":{"rendered":"A25.3 5 rezerves bl\u012bvgredzenu komplekts"},"content":{"rendered":"<p>Elastom\u0113ra p\u0101rsie\u0161anas \u0161\u013circe, anod\u0113ts alum\u012bnijs, ar 3 uzga\u013ciem, o-gredzenu un birst\u012bti t\u012br\u012b\u0161anai.<\/p>\n<p>Funkcijas<br \/>\ncm 10x3x3<br \/>\nAnod\u0113ts alum\u012bnijs<br \/>\n1 gab.<\/p>","protected":false},"excerpt":{"rendered":"<p>Elastomer dressing syringe, anodized aluminium, with 3 tips and o-ring and brush for cleaning. Features cm 10x3x3 Anodized aluminium 1<\/p>","protected":false},"featured_media":5473,"template":"","meta":[],"product_brand":[94],"product_cat":[51],"product_tag":[],"class_list":{"0":"post-2622","1":"product","2":"type-product","3":"status-publish","4":"has-post-thumbnail","6":"product_brand-larident","7":"product_cat-larident","9":"first","10":"instock","11":"shipping-taxable","12":"purchasable","13":"product-type-simple"},"_links":{"self":[{"href":"https:\/\/goldberg.lv\/lv\/wp-json\/wp\/v2\/product\/2622","targetHints":{"allow":["GET"]}}],"collection":[{"href":"https:\/\/goldberg.lv\/lv\/wp-json\/wp\/v2\/product"}],"about":[{"href":"https:\/\/goldberg.lv\/lv\/wp-json\/wp\/v2\/types\/product"}],"wp:featuredmedia":[{"embeddable":true,"href":"https:\/\/goldberg.lv\/lv\/wp-json\/wp\/v2\/media\/5473"}],"wp:attachment":[{"href":"https:\/\/goldberg.lv\/lv\/wp-json\/wp\/v2\/media?parent=2622"}],"wp:term":[{"taxonomy":"product_brand","embeddable":true,"href":"https:\/\/goldberg.lv\/lv\/wp-json\/wp\/v2\/product_brand?post=2622"},{"taxonomy":"product_cat","embeddable":true,"href":"https:\/\/goldberg.lv\/lv\/wp-json\/wp\/v2\/product_cat?post=2622"},{"taxonomy":"product_tag","embeddable":true,"href":"https:\/\/goldberg.lv\/lv\/wp-json\/wp\/v2\/product_tag?post=2622"}],"curies":[{"name":"wp","href":"https:\/\/api.w.org\/{rel}","templated":true}]}}