{"id":2615,"date":"2025-11-03T14:53:07","date_gmt":"2025-11-03T11:53:07","guid":{"rendered":"https:\/\/goldberg.lv\/shop\/isodent-denture-brush-red\/"},"modified":"2026-04-15T17:45:35","modified_gmt":"2026-04-15T14:45:35","slug":"isodent-denture-brush-red","status":"publish","type":"product","link":"https:\/\/goldberg.lv\/lv\/shop\/isodent-denture-brush-red\/","title":{"rendered":"ISODENT zobu prot\u0113\u017eu birste RED"},"content":{"rendered":"<h2 id=\"E3711\" class=\"x-scope qowt-word-para-0\"><span id=\"E3712\">Kas ir\u00a0<\/span><span id=\"E3713\">prot\u0113ze<\/span><span id=\"E3714\">\u00a0piem\u0113rota birste?<\/span><\/h2>\n<p id=\"E3715\" class=\"x-scope qowt-word-para-0\"><span id=\"E3716\">T\u012br\u012b\u0161anas birste ir piem\u0113rota visu veidu prot\u0113\u017eu t\u012br\u012b\u0161anai. Stingrie sari\u0146i efekt\u012bvi t\u012bra, un \u0161aur\u0101 uzga\u013ca birst\u012bte t\u012bra ar\u012b zobus.\u00a0<\/span><span id=\"E3717\">\u0161aurs<\/span><span id=\"E3718\">\u00a0prot\u0113zes da\u013cas. Polster\u0113ts un stingrs rokturis atvieglo prot\u0113\u017eu ikdienas t\u012br\u012b\u0161anu.<\/span><span id=\"E3719\">.<\/span><\/p>\n<p id=\"E3720\" class=\"x-scope qowt-word-para-0\">\n<h3 id=\"E3728\" class=\"x-scope qowt-word-para-1\"><span id=\"E3729\">K\u0101p\u0113c jums vajadz\u0113tu lietot zobu prot\u0113\u017eu birsti?<\/span><\/h3>\n<p id=\"E3730\" class=\"x-scope qowt-word-para-0\"><span id=\"E3731\">IsoDent\u00a0<\/span><span id=\"E3732\">prot\u0113ze\u00a0<\/span><span id=\"E3733\">birstes uzlabo\u0161ana<\/span><span id=\"E3734\">s<\/span><span id=\"E3735\">\u00a0mazg\u0101\u0161anas l\u012bdzek\u013cu t\u012br\u012b\u0161anas iedarb\u012bbu. Lai pareizi not\u012br\u012btu\u00a0<\/span><span id=\"E3736\">prot\u0113ze<\/span><span id=\"E3737\">, nepiecie\u0161ama meh\u0101niska t\u012br\u012b\u0161ana ar birsti.\u00a0<\/span><span id=\"E3738\">T\u012br\u012b\u0161ana pal\u012bdz no zobu prot\u0113zes virsmas no\u0146emt mutes dobuma bakt\u0113rijas, kas piestiprin\u0101s pie prot\u0113zes virsmas.<\/span><\/p>","protected":false},"excerpt":{"rendered":"<p>Who is a\u00a0denture\u00a0brush suitable for? The cleaning brush is suitable for cleaning all kinds of prostheses. The stiff bristles clean<\/p>","protected":false},"featured_media":4479,"template":"","meta":[],"product_brand":[93],"product_cat":[50,114],"product_tag":[],"class_list":{"0":"post-2615","1":"product","2":"type-product","3":"status-publish","4":"has-post-thumbnail","6":"product_brand-isodent","7":"product_cat-isodent","8":"product_cat-hygiene","10":"first","11":"instock","12":"shipping-taxable","13":"purchasable","14":"product-type-simple"},"_links":{"self":[{"href":"https:\/\/goldberg.lv\/lv\/wp-json\/wp\/v2\/product\/2615","targetHints":{"allow":["GET"]}}],"collection":[{"href":"https:\/\/goldberg.lv\/lv\/wp-json\/wp\/v2\/product"}],"about":[{"href":"https:\/\/goldberg.lv\/lv\/wp-json\/wp\/v2\/types\/product"}],"wp:featuredmedia":[{"embeddable":true,"href":"https:\/\/goldberg.lv\/lv\/wp-json\/wp\/v2\/media\/4479"}],"wp:attachment":[{"href":"https:\/\/goldberg.lv\/lv\/wp-json\/wp\/v2\/media?parent=2615"}],"wp:term":[{"taxonomy":"product_brand","embeddable":true,"href":"https:\/\/goldberg.lv\/lv\/wp-json\/wp\/v2\/product_brand?post=2615"},{"taxonomy":"product_cat","embeddable":true,"href":"https:\/\/goldberg.lv\/lv\/wp-json\/wp\/v2\/product_cat?post=2615"},{"taxonomy":"product_tag","embeddable":true,"href":"https:\/\/goldberg.lv\/lv\/wp-json\/wp\/v2\/product_tag?post=2615"}],"curies":[{"name":"wp","href":"https:\/\/api.w.org\/{rel}","templated":true}]}}