{"id":2613,"date":"2025-11-03T14:53:02","date_gmt":"2025-11-03T11:53:02","guid":{"rendered":"https:\/\/goldberg.lv\/shop\/isodent-adhesive-powder-for-dentures-20-g\/"},"modified":"2026-04-15T17:45:34","modified_gmt":"2026-04-15T14:45:34","slug":"isodent-adhesive-powder-for-dentures-20-g","status":"publish","type":"product","link":"https:\/\/goldberg.lv\/lv\/shop\/isodent-adhesive-powder-for-dentures-20-g\/","title":{"rendered":"ISODENT L\u012bmes pulveris zobu prot\u0113z\u0113m 20 g"},"content":{"rendered":"<h2 id=\"E3262\" class=\"x-scope qowt-word-para-1\"><span id=\"E3263\">Kam ir piem\u0113rots IsoDent fiks\u0101cijas pulveris prot\u0113z\u0113m?<\/span><\/h2>\n<p id=\"E3264\" class=\"x-scope qowt-word-para-0\"><span id=\"E3265\">IsoDent prot\u0113\u017eu fiks\u0101cijas pulveris ir piem\u0113rots vis\u0101m zobu prot\u0113z\u0113m.\u00a0<\/span><span id=\"E3266\">lietot\u0101ji<\/span><span id=\"E3267\">. Multi-efekts\u00a0<\/span><span id=\"E3268\">fiksators<\/span><span id=\"E3269\">\u00a0pulveris ir viegli lietojams un piem\u0113rots akt\u012bvam dz\u012bvesveidam. Fiks\u0113jo\u0161\u0101 p\u016bdera notur\u012bba saglab\u0101jas visu dienu jebkur\u0101 situ\u0101cij\u0101. Turkl\u0101t arktisko augu ekstrakts, kas ir sast\u0101v\u0101\u00a0<\/span><span id=\"E3270\">l\u012bmlente<\/span><span id=\"E3271\">\u00a0pulveris pal\u012bdz uztur\u0113t vesel\u012bgu mutes g\u013cot\u0101du. IsoDent prot\u0113\u017eu fiks\u0101cijas pulveris ar\u012b uztur mitruma l\u012bdzsvaru mut\u0113 un atvieglo to cilv\u0113ku st\u0101vokli, kuri cie\u0161 no p\u0101rm\u0113r\u012bga mitruma.<\/span><span id=\"E3272\">treme<\/span><span id=\"E3273\">ly sausa mute vai\u00a0<\/span><span id=\"E3274\">hipersaliv\u0101cija<\/span><span id=\"E3275\">.<\/span><\/p>\n<h3 id=\"E3276\" class=\"x-scope qowt-word-para-1\"><span id=\"E3277\">Kas ir<\/span><span id=\"E3278\">\u00a0efektivit\u0101te<\/span><span id=\"E3279\">\u00a0Isodent prot\u0113\u017eu fiks\u0101cijas pulvera pamat\u0101?<\/span><\/h3>\n<p id=\"E3280\" class=\"x-scope qowt-word-para-0\"><span id=\"E3281\">Produkta pamat\u0101 ir dabiskas izcelsmes polim\u0113rs, kas veido l\u012bmi.\u00a0<\/span><span id=\"E3282\">\u017eeleja, non\u0101kot saskar\u0113 ar \u016bdeni.<\/span><span id=\"E3283\">\u00a0<\/span><span id=\"E3284\">Port\u0101ls<\/span><span id=\"E3285\">\u00a0prot\u0113ze\u00a0<\/span><span id=\"E3286\">l\u012bmlente<\/span><span id=\"E3287\">\u00a0pulveris\u00a0<\/span><span id=\"E3288\">ar\u012b\u00a0<\/span><span id=\"E3289\">satur arktisko augu ekstraktu,\u00a0<\/span><span id=\"E3290\">kam piem\u012bt antibakteri\u0101las un prets\u0113n\u012b\u0161u \u012bpa\u0161\u012bbas.<\/span><\/p>","protected":false},"excerpt":{"rendered":"<p>Who is the IsoDent denture fixing powder suitable for? IsoDent denture fixing powder is suitable for all denture\u00a0users. The multi-effect\u00a0fixative\u00a0powder<\/p>","protected":false},"featured_media":4483,"template":"","meta":[],"product_brand":[93],"product_cat":[50,114],"product_tag":[],"class_list":{"0":"post-2613","1":"product","2":"type-product","3":"status-publish","4":"has-post-thumbnail","6":"product_brand-isodent","7":"product_cat-isodent","8":"product_cat-hygiene","10":"first","11":"instock","12":"shipping-taxable","13":"purchasable","14":"product-type-simple"},"_links":{"self":[{"href":"https:\/\/goldberg.lv\/lv\/wp-json\/wp\/v2\/product\/2613","targetHints":{"allow":["GET"]}}],"collection":[{"href":"https:\/\/goldberg.lv\/lv\/wp-json\/wp\/v2\/product"}],"about":[{"href":"https:\/\/goldberg.lv\/lv\/wp-json\/wp\/v2\/types\/product"}],"wp:featuredmedia":[{"embeddable":true,"href":"https:\/\/goldberg.lv\/lv\/wp-json\/wp\/v2\/media\/4483"}],"wp:attachment":[{"href":"https:\/\/goldberg.lv\/lv\/wp-json\/wp\/v2\/media?parent=2613"}],"wp:term":[{"taxonomy":"product_brand","embeddable":true,"href":"https:\/\/goldberg.lv\/lv\/wp-json\/wp\/v2\/product_brand?post=2613"},{"taxonomy":"product_cat","embeddable":true,"href":"https:\/\/goldberg.lv\/lv\/wp-json\/wp\/v2\/product_cat?post=2613"},{"taxonomy":"product_tag","embeddable":true,"href":"https:\/\/goldberg.lv\/lv\/wp-json\/wp\/v2\/product_tag?post=2613"}],"curies":[{"name":"wp","href":"https:\/\/api.w.org\/{rel}","templated":true}]}}