{"id":2611,"date":"2025-11-03T14:52:59","date_gmt":"2025-11-03T11:52:59","guid":{"rendered":"https:\/\/goldberg.lv\/shop\/isodent-denture-cleaner-250-ml\/"},"modified":"2026-04-15T17:45:33","modified_gmt":"2026-04-15T14:45:33","slug":"isodent-denture-cleaner-250-ml","status":"publish","type":"product","link":"https:\/\/goldberg.lv\/lv\/shop\/isodent-denture-cleaner-250-ml\/","title":{"rendered":"ISODENT Zobu prot\u0113\u017eu t\u012br\u012b\u0161anas l\u012bdzeklis 250 ml"},"content":{"rendered":"<h2 id=\"E3101\" class=\"x-scope qowt-word-para-1\"><span id=\"E3102\">Kam ir piem\u0113rots IsoDent zobu prot\u0113\u017eu t\u012br\u012b\u0161anas l\u012bdzeklis?<\/span><\/h2>\n<p id=\"E3103\" class=\"x-scope qowt-word-para-0\"><span id=\"E3104\">Prot\u0113\u017eu t\u012br\u012bt\u0101js ir piem\u0113rots visiem prot\u0113\u017eu lietot\u0101jiem. Zobu prot\u0113\u017eu t\u012br\u012bt\u0101js\u00a0<\/span><span id=\"E3105\">c<\/span><span id=\"E3106\">noliecas\u00a0<\/span><span id=\"E3107\">visu veidu prot\u0113zes, met\u0101la prot\u0113zes un m\u012bkst\u0101s prot\u0113zes.<\/span><span id=\"E3108\">-b\u0101ze<\/span><span id=\"E3109\">\u00a0prot\u0113ze<\/span><span id=\"E3110\">s<\/span><span id=\"E3111\">\u00a0<\/span><span id=\"E3112\">maigi, bet efekt\u012bvi<\/span><span id=\"E3113\">. Papildus\u00a0<\/span><span id=\"E3114\">no\u0146em\u0161ana\u00a0<\/span><span id=\"E3115\">bakt\u0113rijas, s\u0113n\u012b\u0161u aug\u0161anu un kr\u0101sas mai\u0146u, k\u0101 ar\u012b \u0161\u0137\u012bdina zobakmeni no prot\u0113zes. IsoDent zobu prot\u0113\u017eu t\u012br\u012b\u0161anas l\u012bdzeklis ir \u0161\u0137idrs koncentr\u0101ts.<\/span><span id=\"E3116\">, o<\/span><span id=\"E3117\">250 ml pudele\u00a0<\/span><span id=\"E3118\">ilgst\u00a0<\/span><span id=\"E3119\">vietn\u0113\u00a0<\/span><span id=\"E3120\">l\u012bdz\u00a0<\/span><span id=\"E3121\">3 m\u0113ne\u0161i<\/span><span id=\"E3122\">\u00a0ikdienas lieto\u0161anai.<\/span><\/p>\n<h3 id=\"E3123\" class=\"x-scope qowt-word-para-1\"><span id=\"E3124\">Uz ko balst\u0101s IsoDent prot\u0113\u017eu t\u012br\u012bt\u0101ja efektivit\u0101te?<\/span><\/h3>\n<p id=\"E3125\" class=\"x-scope qowt-word-para-0\"><span id=\"E3126\">Port\u0101ls\u00a0<\/span><span id=\"E3127\">efektivit\u0101te<\/span><span id=\"E3128\">\u00a0t\u012br\u012b\u0161anas\u00a0<\/span><span id=\"E3129\">\u0161\u0137idrums<\/span><span id=\"E3130\">\u00a0pamat\u0101 ir \u012bpa\u0161s ledus eti\u0137sk\u0101bes un ortofosforsk\u0101bes mais\u012bjums. Ortofosforsk\u0101be no\u0146em cieto zobakmeni, bet ledus eti\u0137sk\u0101be k\u0101 organisk\u0101 sk\u0101be no\u0146em traipus un aplikumu. Vienlaikus mais\u012bjums izn\u012bcina<\/span><span id=\"E3131\">s<\/span><span id=\"E3132\">\u00a0bakt\u0113rijas un s\u0113n\u012btes<\/span><span id=\"E3133\">i<\/span><span id=\"E3134\">\u00a0nesaboj\u0101jot\u00a0<\/span><span id=\"E3135\">zobu prot\u0113zes<\/span><span id=\"E3136\">. Pateicoties \u0161\u0137\u012bduma zemajam pH, tas pats \u0161\u0137\u012bdums\u00a0<\/span><span id=\"E3137\">saglab\u0101jas higi\u0113niski t\u012brs.<\/span><span id=\"E3138\">\u00a0l\u012bdz 6 dien\u0101m.<\/span><\/p>","protected":false},"excerpt":{"rendered":"<p>\u0160\u0137idrais IsoDent zobu prot\u0113\u017eu t\u012br\u012b\u0161anas l\u012bdzeklis ir jauns veids, k\u0101 efekt\u012bvi, viegli, ekonomiski un dro\u0161i t\u012br\u012bt prot\u0113zes.<\/p>\n<p id=\"E3125\" class=\"x-scope qowt-word-para-0\">","protected":false},"featured_media":4492,"template":"","meta":[],"product_brand":[93],"product_cat":[50,114],"product_tag":[],"class_list":{"0":"post-2611","1":"product","2":"type-product","3":"status-publish","4":"has-post-thumbnail","6":"product_brand-isodent","7":"product_cat-isodent","8":"product_cat-hygiene","10":"first","11":"instock","12":"shipping-taxable","13":"purchasable","14":"product-type-simple"},"_links":{"self":[{"href":"https:\/\/goldberg.lv\/lv\/wp-json\/wp\/v2\/product\/2611","targetHints":{"allow":["GET"]}}],"collection":[{"href":"https:\/\/goldberg.lv\/lv\/wp-json\/wp\/v2\/product"}],"about":[{"href":"https:\/\/goldberg.lv\/lv\/wp-json\/wp\/v2\/types\/product"}],"wp:featuredmedia":[{"embeddable":true,"href":"https:\/\/goldberg.lv\/lv\/wp-json\/wp\/v2\/media\/4492"}],"wp:attachment":[{"href":"https:\/\/goldberg.lv\/lv\/wp-json\/wp\/v2\/media?parent=2611"}],"wp:term":[{"taxonomy":"product_brand","embeddable":true,"href":"https:\/\/goldberg.lv\/lv\/wp-json\/wp\/v2\/product_brand?post=2611"},{"taxonomy":"product_cat","embeddable":true,"href":"https:\/\/goldberg.lv\/lv\/wp-json\/wp\/v2\/product_cat?post=2611"},{"taxonomy":"product_tag","embeddable":true,"href":"https:\/\/goldberg.lv\/lv\/wp-json\/wp\/v2\/product_tag?post=2611"}],"curies":[{"name":"wp","href":"https:\/\/api.w.org\/{rel}","templated":true}]}}