{"id":2605,"date":"2025-11-03T14:52:52","date_gmt":"2025-11-03T11:52:52","guid":{"rendered":"https:\/\/goldberg.lv\/shop\/isodent-protecting-mouthwash-for-consumers-100-ml\/"},"modified":"2026-04-15T17:45:31","modified_gmt":"2026-04-15T14:45:31","slug":"isodent-protecting-mouthwash-for-consumers-100-ml","status":"publish","type":"product","link":"https:\/\/goldberg.lv\/lv\/shop\/isodent-protecting-mouthwash-for-consumers-100-ml\/","title":{"rendered":"ISODENT Aizsarg\u0101jo\u0161s mutes skalojamais l\u012bdzeklis pat\u0113r\u0113t\u0101jiem 100 ml"},"content":{"rendered":"","protected":false},"excerpt":{"rendered":"","protected":false},"featured_media":0,"template":"","meta":[],"product_brand":[93],"product_cat":[50],"product_tag":[],"class_list":{"0":"post-2605","1":"product","2":"type-product","3":"status-publish","5":"product_brand-isodent","6":"product_cat-isodent","8":"first","9":"instock","10":"shipping-taxable","11":"purchasable","12":"product-type-simple"},"_links":{"self":[{"href":"https:\/\/goldberg.lv\/lv\/wp-json\/wp\/v2\/product\/2605","targetHints":{"allow":["GET"]}}],"collection":[{"href":"https:\/\/goldberg.lv\/lv\/wp-json\/wp\/v2\/product"}],"about":[{"href":"https:\/\/goldberg.lv\/lv\/wp-json\/wp\/v2\/types\/product"}],"wp:attachment":[{"href":"https:\/\/goldberg.lv\/lv\/wp-json\/wp\/v2\/media?parent=2605"}],"wp:term":[{"taxonomy":"product_brand","embeddable":true,"href":"https:\/\/goldberg.lv\/lv\/wp-json\/wp\/v2\/product_brand?post=2605"},{"taxonomy":"product_cat","embeddable":true,"href":"https:\/\/goldberg.lv\/lv\/wp-json\/wp\/v2\/product_cat?post=2605"},{"taxonomy":"product_tag","embeddable":true,"href":"https:\/\/goldberg.lv\/lv\/wp-json\/wp\/v2\/product_tag?post=2605"}],"curies":[{"name":"wp","href":"https:\/\/api.w.org\/{rel}","templated":true}]}}