{"id":2604,"date":"2025-11-03T14:52:51","date_gmt":"2025-11-03T11:52:51","guid":{"rendered":"https:\/\/goldberg.lv\/shop\/isodent-super-junior-250-ml\/"},"modified":"2026-04-15T17:45:29","modified_gmt":"2026-04-15T14:45:29","slug":"isodent-super-junior-250-ml","status":"publish","type":"product","link":"https:\/\/goldberg.lv\/lv\/shop\/isodent-super-junior-250-ml\/","title":{"rendered":"ISODENT Super Junior 250 ml"},"content":{"rendered":"","protected":false},"excerpt":{"rendered":"<p style=\"text-align: center\">Ko\u0161\u013c\u0101jam\u0101s gumijas arom\u0101ta mutes skalojamais l\u012bdzeklis jaun\u0101kajiem \u0123imenes locek\u013ciem. Mudina b\u0113rnus r\u016bp\u0113ties par zobiem!<\/p>\n<h2 id=\"E4112\" class=\"x-scope qowt-word-para-1\"><span id=\"E4113\">Kam ir piem\u0113rots Super Junior mutes skalojamais l\u012bdzeklis?<\/span><\/h2>\n<p id=\"E4114\" class=\"x-scope qowt-word-para-0\"><span id=\"E4115\">Super Junior ir ko\u0161\u013c\u0101jam\u0101 gumija-flavo<\/span><span id=\"E4116\">u<\/span><span id=\"E4117\">sarkans mutes skalojamais l\u012bdzeklis b\u0113rniem, kas vec\u0101ki par 6 gadiem. Tas efekt\u012bvi\u00a0<\/span><span id=\"E4118\">uzlabo t\u012br\u012b\u0161anas efektu\u00a0<\/span><span id=\"E4119\">birst\u012b\u0161ana\u00a0<\/span><span id=\"E4120\">\u2013\u00a0<\/span><span id=\"E4121\">lai gan tas<\/span><span id=\"E4122\">\u00a0to neaizst\u0101j.\u00a0<\/span><span id=\"E4123\">M<\/span><span id=\"E4124\">izmazg\u0101t\u00a0<\/span><span id=\"E4125\">ar gardu gar\u0161u\u00a0<\/span><span id=\"E4126\">motiv\u0113t<\/span><span id=\"E4127\">s\u00a0<\/span><span id=\"E4128\">b\u0113rniem r\u016bp\u0113ties par zobiem.<\/span><\/p>\n<h3 id=\"E4129\" class=\"x-scope qowt-word-para-1\"><span id=\"E4130\">Kas ir\u00a0<\/span><span id=\"E4131\">efektivit\u0101te<\/span><span id=\"E4132\">\u00a0Super Junior mutes skalo\u0161anas l\u012bdzek\u013ca pamat\u0101?<\/span><\/h3>\n<p id=\"E4133\" class=\"x-scope qowt-word-para-0\"><span id=\"E4134\">S<\/span><span id=\"E4136\">uper Junior mutes skalojamais l\u012bdzeklis satur 0,05% n\u0101trija fluor\u012bda, kas pal\u012bdz stiprin\u0101t mutes dobuma.\u00a0<\/span><span id=\"E4137\">.\u00a0<\/span><span id=\"E4138\">zobi. Super Junior ir ar\u012b saldin\u0101ts ar eritritolu un ksil\u012btu, kas nov\u0113r\u0161 zobu boj\u0101\u0161anos. Mutes skalojamajam l\u012bdzeklim ir pievienots Jap\u0101n\u0101 izstr\u0101d\u0101tais CI-dekstrans, kas efekt\u012bvi nov\u0113r\u0161 aplikuma veido\u0161anos uz zobu virsmas.\u00a0<\/span>zobi.<\/p>","protected":false},"featured_media":4496,"template":"","meta":[],"product_brand":[93],"product_cat":[50,114],"product_tag":[],"class_list":{"0":"post-2604","1":"product","2":"type-product","3":"status-publish","4":"has-post-thumbnail","6":"product_brand-isodent","7":"product_cat-isodent","8":"product_cat-hygiene","10":"first","11":"instock","12":"shipping-taxable","13":"purchasable","14":"product-type-simple"},"_links":{"self":[{"href":"https:\/\/goldberg.lv\/lv\/wp-json\/wp\/v2\/product\/2604","targetHints":{"allow":["GET"]}}],"collection":[{"href":"https:\/\/goldberg.lv\/lv\/wp-json\/wp\/v2\/product"}],"about":[{"href":"https:\/\/goldberg.lv\/lv\/wp-json\/wp\/v2\/types\/product"}],"wp:featuredmedia":[{"embeddable":true,"href":"https:\/\/goldberg.lv\/lv\/wp-json\/wp\/v2\/media\/4496"}],"wp:attachment":[{"href":"https:\/\/goldberg.lv\/lv\/wp-json\/wp\/v2\/media?parent=2604"}],"wp:term":[{"taxonomy":"product_brand","embeddable":true,"href":"https:\/\/goldberg.lv\/lv\/wp-json\/wp\/v2\/product_brand?post=2604"},{"taxonomy":"product_cat","embeddable":true,"href":"https:\/\/goldberg.lv\/lv\/wp-json\/wp\/v2\/product_cat?post=2604"},{"taxonomy":"product_tag","embeddable":true,"href":"https:\/\/goldberg.lv\/lv\/wp-json\/wp\/v2\/product_tag?post=2604"}],"curies":[{"name":"wp","href":"https:\/\/api.w.org\/{rel}","templated":true}]}}