{"id":2602,"date":"2025-11-03T14:52:47","date_gmt":"2025-11-03T11:52:47","guid":{"rendered":"https:\/\/goldberg.lv\/shop\/isodent-ortho-cleaner-for-removable-brases-and-mouth-guards-250-ml\/"},"modified":"2026-04-15T17:45:27","modified_gmt":"2026-04-15T14:45:27","slug":"isodent-ortho-cleaner-for-removable-brases-and-mouth-guards-250-ml","status":"publish","type":"product","link":"https:\/\/goldberg.lv\/lv\/shop\/isodent-ortho-cleaner-for-removable-brases-and-mouth-guards-250-ml\/","title":{"rendered":"ISODENT ORTHO t\u012br\u012b\u0161anas l\u012bdzeklis no\u0146emamiem zobu prot\u0113z\u0113m un mutes aizsargl\u012bdzek\u013ciem 250 ml"},"content":{"rendered":"<h2 id=\"E3835\" class=\"x-scope qowt-word-para-1\"><span id=\"E3836\">Kam ir piem\u0113rots IsoDent Ortho?<\/span><\/h2>\n<p id=\"E3837\" class=\"x-scope qowt-word-para-0\"><span id=\"E3838\">Ortho cleaner ir piem\u0113rots visu veidu iz\u0146emamo mutes dobuma ier\u012b\u010du lietot\u0101jiem, piem\u0113ram.\u00a0<\/span><span id=\"E3839\">mutes aizsargi\u00a0<\/span><span id=\"E3840\">un no\u0146emam\u0101s ortodontisk\u0101s ier\u012bces. Papildus\u00a0<\/span><span id=\"E3841\">iz\u0146em\u0161ana<\/span><span id=\"E3842\">.<\/span><span id=\"E3843\">\u00a0<\/span><span id=\"E3844\">bakt\u0113rijas, s\u0113n\u012b\u0161u aug\u0161anu un kr\u0101sas mai\u0146u, tas ar\u012b \u0161\u0137\u012bdina zobakmeni.\u00a0<\/span><\/p>\n<h3 id=\"E3845\" class=\"x-scope qowt-word-para-1\"><span id=\"E3846\">Kas ir\u00a0<\/span><span id=\"E3847\">efektivit\u0101te<\/span><span id=\"E3848\">\u00a0IsoDent Ortho, pamatojoties uz?<\/span><\/h3>\n<p id=\"E3849\" class=\"x-scope qowt-word-para-0\"><span id=\"E3850\">Port\u0101ls\u00a0<\/span><span id=\"E3851\">efektivit\u0101te<\/span><span id=\"E3852\">\u00a0Ortho pamat\u0101 ir \u012bpa\u0161s ledus eti\u0137sk\u0101bes un ortofosforsk\u0101bes mais\u012bjums. Ortofosforsk\u0101be no\u0146em zobakmeni, savuk\u0101rt ledus eti\u0137sk\u0101be k\u0101 organisk\u0101 sk\u0101be no\u0146em traipus un aplikumu. Vienlaikus mais\u012bjums izn\u012bcina<\/span><span id=\"E3853\">s\u00a0<\/span><span id=\"E3854\">bakt\u0113rijas<\/span><span id=\"E3855\">ia<\/span><span id=\"E3856\">\u00a0un\u00a0<\/span><span id=\"E3857\">s\u0113n\u012btes uz<\/span><span id=\"E3858\">\u00a0.\u00a0<\/span><span id=\"E3859\">mutes dobuma ier\u012bce<\/span><span id=\"E3860\">\u00a0nesaboj\u0101jot\u00a0<\/span><span id=\"E3861\">t\u0101<\/span><span id=\"E3862\">. Pateicoties \u0161\u0137\u012bduma zemajam pH, vienu un to pa\u0161u \u0161\u0137\u012bdumu var lietot l\u012bdz pat 6 dien\u0101m.<\/span><\/p>","protected":false},"excerpt":{"rendered":"<p>Efekt\u012bvs t\u012br\u012b\u0161anas l\u012bdzeklis, kas ir paredz\u0113ts ikdienas lieto\u0161anai no\u0146emam\u0101m mutes dobuma ier\u012bc\u0113m un mutes aizsargl\u012bdzek\u013ciem.<\/p>","protected":false},"featured_media":4498,"template":"","meta":[],"product_brand":[93],"product_cat":[50,114],"product_tag":[],"class_list":{"0":"post-2602","1":"product","2":"type-product","3":"status-publish","4":"has-post-thumbnail","6":"product_brand-isodent","7":"product_cat-isodent","8":"product_cat-hygiene","10":"first","11":"instock","12":"shipping-taxable","13":"purchasable","14":"product-type-simple"},"_links":{"self":[{"href":"https:\/\/goldberg.lv\/lv\/wp-json\/wp\/v2\/product\/2602","targetHints":{"allow":["GET"]}}],"collection":[{"href":"https:\/\/goldberg.lv\/lv\/wp-json\/wp\/v2\/product"}],"about":[{"href":"https:\/\/goldberg.lv\/lv\/wp-json\/wp\/v2\/types\/product"}],"wp:featuredmedia":[{"embeddable":true,"href":"https:\/\/goldberg.lv\/lv\/wp-json\/wp\/v2\/media\/4498"}],"wp:attachment":[{"href":"https:\/\/goldberg.lv\/lv\/wp-json\/wp\/v2\/media?parent=2602"}],"wp:term":[{"taxonomy":"product_brand","embeddable":true,"href":"https:\/\/goldberg.lv\/lv\/wp-json\/wp\/v2\/product_brand?post=2602"},{"taxonomy":"product_cat","embeddable":true,"href":"https:\/\/goldberg.lv\/lv\/wp-json\/wp\/v2\/product_cat?post=2602"},{"taxonomy":"product_tag","embeddable":true,"href":"https:\/\/goldberg.lv\/lv\/wp-json\/wp\/v2\/product_tag?post=2602"}],"curies":[{"name":"wp","href":"https:\/\/api.w.org\/{rel}","templated":true}]}}