{"id":2600,"date":"2025-11-03T14:52:44","date_gmt":"2025-11-03T11:52:44","guid":{"rendered":"https:\/\/goldberg.lv\/shop\/isodent-niitty-mouthwash-250-ml-meadow\/"},"modified":"2026-04-15T17:45:26","modified_gmt":"2026-04-15T14:45:26","slug":"isodent-niitty-mouthwash-250-ml-meadow","status":"publish","type":"product","link":"https:\/\/goldberg.lv\/lv\/shop\/isodent-niitty-mouthwash-250-ml-meadow\/","title":{"rendered":"ISODENT Niitty Mouthwash 250 ml (p\u013cava)"},"content":{"rendered":"<h2 id=\"E3595\" class=\"x-scope qowt-word-para-1\"><span id=\"E3596\">Kas ir\u00a0<\/span><span id=\"E3597\">P\u013cava<\/span><span id=\"E3598\">\u00a0mutes skalojamais l\u012bdzeklis ir piem\u0113rots?<\/span><\/h2>\n<p id=\"E3599\" class=\"x-scope qowt-word-para-0\"><span id=\"E3600\">P\u013cava<\/span><span id=\"E3601\">\u00a0ir ro\u017eu flavo<\/span><span id=\"E3602\">u<\/span><span id=\"E3603\">sarkans mutes skalojamais l\u012bdzeklis, kas ir piem\u0113rots visiem, kas vec\u0101ki par 12 gadiem. T\u0101 sast\u0101v\u0101 ir t\u0101das zobus kopjo\u0161as sast\u0101vda\u013cas k\u0101 ksilitols un eritritols, k\u0101 ar\u012b dab\u012bgs beta\u012bns, kas mitrina mutes g\u013cot\u0101du. T\u0101p\u0113c tas ir noder\u012bgs ar\u012b\u00a0<\/span><span id=\"E3604\">cilv\u0113kiem, kuri cie\u0161 no\u00a0<\/span><span id=\"E3605\">sausa mute.<\/span><\/p>\n<h3 id=\"E3606\" class=\"x-scope qowt-word-para-1\"><span id=\"E3607\">K\u0101da ir efektivit\u0101te\u00a0<\/span><span id=\"E3608\">P\u013cava<\/span><span id=\"E3609\">\u00a0mutes skalo\u0161anas l\u012bdzek\u013ca pamat\u0101?<\/span><\/h3>\n<p id=\"E3610\" class=\"x-scope qowt-word-para-0\"><span id=\"E3611\">P\u013cavu mutes skalojamais l\u012bdzeklis<\/span><span id=\"E3612\">\u00a0satur ksil\u012btu, eritritolu un fluor\u012bdu, kas\u00a0<\/span><span id=\"E3613\">darbs\u00a0<\/span><span id=\"E3614\">kop\u0101, lai veicin\u0101tu zobu labsaj\u016btu. Turkl\u0101t t\u0101 satur beta\u012bnu, kas mitrina mutes g\u013cot\u0101du un mazina mutes sausuma simptomus. Kumel\u012b\u0161u un ro\u017eu ekstrakti vis\u0101 pasaul\u0113 tiek izmantoti k\u0101 tradicion\u0101l\u0101 medic\u012bna, cita starp\u0101 ar\u012b iekaisumu \u0101rst\u0113\u0161anai.<\/span><\/p>","protected":false},"excerpt":{"rendered":"<p>Jauns maigs un ziedu mutes skalojamais l\u012bdzeklis, kas satur augu ekstraktus un labi zin\u0101mas akt\u012bv\u0101s sast\u0101vda\u013cas zobu aizsardz\u012bbai.<\/p>","protected":false},"featured_media":4566,"template":"","meta":[],"product_brand":[93],"product_cat":[50,114],"product_tag":[],"class_list":{"0":"post-2600","1":"product","2":"type-product","3":"status-publish","4":"has-post-thumbnail","6":"product_brand-isodent","7":"product_cat-isodent","8":"product_cat-hygiene","10":"first","11":"instock","12":"shipping-taxable","13":"purchasable","14":"product-type-simple"},"_links":{"self":[{"href":"https:\/\/goldberg.lv\/lv\/wp-json\/wp\/v2\/product\/2600","targetHints":{"allow":["GET"]}}],"collection":[{"href":"https:\/\/goldberg.lv\/lv\/wp-json\/wp\/v2\/product"}],"about":[{"href":"https:\/\/goldberg.lv\/lv\/wp-json\/wp\/v2\/types\/product"}],"wp:featuredmedia":[{"embeddable":true,"href":"https:\/\/goldberg.lv\/lv\/wp-json\/wp\/v2\/media\/4566"}],"wp:attachment":[{"href":"https:\/\/goldberg.lv\/lv\/wp-json\/wp\/v2\/media?parent=2600"}],"wp:term":[{"taxonomy":"product_brand","embeddable":true,"href":"https:\/\/goldberg.lv\/lv\/wp-json\/wp\/v2\/product_brand?post=2600"},{"taxonomy":"product_cat","embeddable":true,"href":"https:\/\/goldberg.lv\/lv\/wp-json\/wp\/v2\/product_cat?post=2600"},{"taxonomy":"product_tag","embeddable":true,"href":"https:\/\/goldberg.lv\/lv\/wp-json\/wp\/v2\/product_tag?post=2600"}],"curies":[{"name":"wp","href":"https:\/\/api.w.org\/{rel}","templated":true}]}}