{"id":2597,"date":"2025-11-03T14:52:40","date_gmt":"2025-11-03T11:52:40","guid":{"rendered":"https:\/\/goldberg.lv\/shop\/isodent-fluor-nurturing-mouthwash-250-ml\/"},"modified":"2026-04-15T17:45:25","modified_gmt":"2026-04-15T14:45:25","slug":"isodent-fluor-nurturing-mouthwash-250-ml","status":"publish","type":"product","link":"https:\/\/goldberg.lv\/lv\/shop\/isodent-fluor-nurturing-mouthwash-250-ml\/","title":{"rendered":"ISODENT FLUOR+ kopjo\u0161s mutes skalojamais l\u012bdzeklis 250 ml"},"content":{"rendered":"<h2 id=\"E2972\" class=\"x-scope qowt-word-para-1\"><span id=\"E2973\">Kam ir piem\u0113rots Fluor+ mutes skalojamais l\u012bdzeklis?<\/span><\/h2>\n<ul>\n<li id=\"E2974\" class=\"x-scope qowt-word-para-0\"><span id=\"E2975\">Fluor+ ir piem\u0113rots visiem, kas vec\u0101ki par 12 gadiem. Tas ir \u012bpa\u0161i piem\u0113rots:<\/span><\/li>\n<li id=\"E2976\" class=\"qowt-li-58_0 qowt-list x-scope qowt-word-para-0\" role=\"listitem\"><span id=\"E2977\">tiem, kas izmanto fiks\u0113tas breketes.<\/span><\/li>\n<li id=\"E2978\" class=\"qowt-li-58_0 qowt-list x-scope qowt-word-para-0\" role=\"listitem\"><span id=\"E2979\">tiem ir nosliece uz<\/span><span id=\"E2980\">\u00a0zobu boj\u0101\u0161an\u0101s (piem\u0113ram, medikamentu lieto\u0161anas d\u0113\u013c).<\/span><\/li>\n<li id=\"E2981\" class=\"qowt-li-58_0 qowt-list x-scope qowt-word-para-0\" role=\"listitem\"><span id=\"E2982\">tiem, kas izmanto iz\u0146emamas da\u013c\u0113jas prot\u0113zes.<\/span><\/li>\n<li id=\"E2983\" class=\"qowt-li-58_0 qowt-list x-scope qowt-word-para-0\" role=\"listitem\"><span id=\"E2984\">cilv\u0113kiem ar \u0160egrena sindromu.<\/span><\/li>\n<li id=\"E2985\" class=\"qowt-li-58_0 qowt-list x-scope qowt-word-para-0\" role=\"listitem\"><span id=\"E2986\">cilv\u0113kiem, kuriem ir sausa mute.<\/span><\/li>\n<\/ul>\n<p id=\"E2987\" class=\"x-scope qowt-word-para-0\"><span id=\"E2988\">Produkts ir \u012bpa\u0161i izstr\u0101d\u0101ts, lai risin\u0101tu mutes dobuma probl\u0113mas, ko rada fiks\u0113t\u0101 ortodontija.<\/span><span id=\"E2989\">\u00a0<\/span><span id=\"E2990\">ier\u012bces<\/span><span id=\"E2991\">s<\/span><span id=\"E2992\">. Uztur\u0113t mutes dobumu t\u012bru ir viegl\u0101k, jo ortodontisk\u0101s aplik\u0101cijas<\/span><span id=\"E2993\">liance<\/span><span id=\"E2994\">kas ir jut\u012bgi pret dobumiem, var efekt\u012bvi un bez piep\u016bles aizsarg\u0101t. Pateicoties dabiskajiem augu ekstraktiem, \u0101tri sadz\u012bst ar\u012b \u010d\u016blas, ko izrais\u012bju\u0161as asas aizdares uz mutes g\u013cot\u0101das virsmas.<\/span><\/p>\n<h3 id=\"E2995\" class=\"x-scope qowt-word-para-1\"><span id=\"E2996\">Kas ir\u00a0<\/span><span id=\"E2997\">efektivit\u0101te<\/span><span id=\"E2998\">\u00a0Fluor+ mutes skalo\u0161anas l\u012bdzek\u013ca, pamatojoties uz?<\/span><\/h3>\n<p id=\"E2999\" class=\"x-scope qowt-word-para-0\"><span id=\"E3000\">Augstais fluor\u012bda saturs (0,15% n\u0101trija fluor\u012bda) mutes skalojamaj\u0101 \u0161\u0137idrum\u0101 Fluor+ efekt\u012bvi pal\u012bdz aizsarg\u0101t zobus no\u00a0<\/span><span id=\"E3001\">zobu boj\u0101\u0161an\u0101s<\/span><span id=\"E3002\">. Unik\u0101l\u0101 ksil\u012bta un eritr\u012bta kombin\u0101cija nodro\u0161ina sp\u0113c\u012bgu papildu aizsardz\u012bbu pret kariesu. Smilts\u0113rk\u0161\u0137u ekstrakts stiprina mutes g\u013cot\u0101du un veicina mutes \u010d\u016blu dz\u012b\u0161anu. Tas ar\u012b pal\u012bdz uztur\u0113t mutes g\u013cot\u0101du mitru. Kumel\u012btei ir nomierino\u0161a iedarb\u012bba uz g\u013cot\u0101d\u0101m.<\/span><\/p>","protected":false},"excerpt":{"rendered":"<p>Barojo\u0161ais mutes skalojamais l\u012bdzeklis nodro\u0161ina efekt\u012bvu aizsardz\u012bbu pret zobu boj\u0101\u0161anos, nov\u0113r\u0161 kariesu un uzlabo mutes g\u013cot\u0101das labsaj\u016btu.<\/p>","protected":false},"featured_media":4574,"template":"","meta":[],"product_brand":[93],"product_cat":[50,114],"product_tag":[],"class_list":{"0":"post-2597","1":"product","2":"type-product","3":"status-publish","4":"has-post-thumbnail","6":"product_brand-isodent","7":"product_cat-isodent","8":"product_cat-hygiene","10":"first","11":"instock","12":"shipping-taxable","13":"purchasable","14":"product-type-simple"},"_links":{"self":[{"href":"https:\/\/goldberg.lv\/lv\/wp-json\/wp\/v2\/product\/2597","targetHints":{"allow":["GET"]}}],"collection":[{"href":"https:\/\/goldberg.lv\/lv\/wp-json\/wp\/v2\/product"}],"about":[{"href":"https:\/\/goldberg.lv\/lv\/wp-json\/wp\/v2\/types\/product"}],"wp:featuredmedia":[{"embeddable":true,"href":"https:\/\/goldberg.lv\/lv\/wp-json\/wp\/v2\/media\/4574"}],"wp:attachment":[{"href":"https:\/\/goldberg.lv\/lv\/wp-json\/wp\/v2\/media?parent=2597"}],"wp:term":[{"taxonomy":"product_brand","embeddable":true,"href":"https:\/\/goldberg.lv\/lv\/wp-json\/wp\/v2\/product_brand?post=2597"},{"taxonomy":"product_cat","embeddable":true,"href":"https:\/\/goldberg.lv\/lv\/wp-json\/wp\/v2\/product_cat?post=2597"},{"taxonomy":"product_tag","embeddable":true,"href":"https:\/\/goldberg.lv\/lv\/wp-json\/wp\/v2\/product_tag?post=2597"}],"curies":[{"name":"wp","href":"https:\/\/api.w.org\/{rel}","templated":true}]}}