{"id":2591,"date":"2025-11-03T14:52:32","date_gmt":"2025-11-03T11:52:32","guid":{"rendered":"https:\/\/goldberg.lv\/shop\/isodent-paro-mouthwash-250-ml-mild\/"},"modified":"2026-04-15T17:45:21","modified_gmt":"2026-04-15T14:45:21","slug":"isodent-paro-mouthwash-250-ml-mild","status":"publish","type":"product","link":"https:\/\/goldberg.lv\/lv\/shop\/isodent-paro-mouthwash-250-ml-mild\/","title":{"rendered":"ISODENT PARO Mutes skalojamais l\u012bdzeklis 250 ml MILD"},"content":{"rendered":"<h2 id=\"E3990\" class=\"x-scope qowt-word-para-1\"><span id=\"E3991\">Kam ir piem\u0113rots IsoDent Paro mutes skalojamais l\u012bdzeklis?<\/span><\/h2>\n<p id=\"E3992\" class=\"x-scope qowt-word-para-0\"><span id=\"E3993\">Paro ir mutes skalojamais l\u012bdzeklis, kas izstr\u0101d\u0101ts pret periodont\u012btu un peri-implant\u012btu.\u00a0<\/span><span id=\"E3994\">Paro izstr\u0101d\u0101ja IsoDent kop\u0101 ar ASV p\u0113tnieku grupu.<\/span><span id=\"E3995\">\u00a0<\/span><span id=\"E3996\">Tas stimul\u0113 organisma aizsargmeh\u0101nismus, lai p\u0101rvar\u0113tu\u00a0<\/span><span id=\"E3997\">mutiski\u00a0<\/span><span id=\"E3998\">iekaisums. Turkl\u0101t Paro ar\u012b efekt\u012bvi nov\u0113r\u0161 zobu boj\u0101\u0161anos.<\/span><\/p>","protected":false},"excerpt":{"rendered":"<p><span id=\"E4004\">Paredz\u0113ts galvenok\u0101rt mukoz\u012bta profilaksei un regul\u0101rai uzturo\u0161ai \u0101rst\u0113\u0161anai p\u0113c akt\u012bv\u0101s f\u0101zes. Turkl\u0101t Cl-dekstr\u0101ns, kas ir prepar\u0101ta sast\u0101v\u0101\u00a0<\/span><span id=\"E4005\">aizsarg\u0101 zobus no<\/span><span id=\"E4006\">\u00a0zobu boj\u0101\u0161an\u0101s.\u00a0<\/span><\/p>","protected":false},"featured_media":4581,"template":"","meta":[],"product_brand":[93],"product_cat":[50,114],"product_tag":[],"class_list":{"0":"post-2591","1":"product","2":"type-product","3":"status-publish","4":"has-post-thumbnail","6":"product_brand-isodent","7":"product_cat-isodent","8":"product_cat-hygiene","10":"first","11":"instock","12":"shipping-taxable","13":"purchasable","14":"product-type-simple"},"_links":{"self":[{"href":"https:\/\/goldberg.lv\/lv\/wp-json\/wp\/v2\/product\/2591","targetHints":{"allow":["GET"]}}],"collection":[{"href":"https:\/\/goldberg.lv\/lv\/wp-json\/wp\/v2\/product"}],"about":[{"href":"https:\/\/goldberg.lv\/lv\/wp-json\/wp\/v2\/types\/product"}],"wp:featuredmedia":[{"embeddable":true,"href":"https:\/\/goldberg.lv\/lv\/wp-json\/wp\/v2\/media\/4581"}],"wp:attachment":[{"href":"https:\/\/goldberg.lv\/lv\/wp-json\/wp\/v2\/media?parent=2591"}],"wp:term":[{"taxonomy":"product_brand","embeddable":true,"href":"https:\/\/goldberg.lv\/lv\/wp-json\/wp\/v2\/product_brand?post=2591"},{"taxonomy":"product_cat","embeddable":true,"href":"https:\/\/goldberg.lv\/lv\/wp-json\/wp\/v2\/product_cat?post=2591"},{"taxonomy":"product_tag","embeddable":true,"href":"https:\/\/goldberg.lv\/lv\/wp-json\/wp\/v2\/product_tag?post=2591"}],"curies":[{"name":"wp","href":"https:\/\/api.w.org\/{rel}","templated":true}]}}