{"id":2589,"date":"2025-11-03T14:52:29","date_gmt":"2025-11-03T11:52:29","guid":{"rendered":"https:\/\/goldberg.lv\/shop\/hamostatikum-al-cu\/"},"modified":"2026-04-15T17:45:18","modified_gmt":"2026-04-15T14:45:18","slug":"hamostatikum-al-cu","status":"publish","type":"product","link":"https:\/\/goldberg.lv\/lv\/shop\/hamostatikum-al-cu\/","title":{"rendered":"Al-Cu"},"content":{"rendered":"<ul>\n<li>Nov\u0113r\u0161 ilgtsp\u0113j\u012bgu kapil\u0101ro asi\u0146o\u0161anu no smagan\u0101m, \u0101das un celulozes.<\/li>\n<li>T\u012brai un bez asin\u012bm not\u012br\u012btai skalo\u0161anai<\/li>\n<li>Nav mijiedarb\u012bbas ar daudziem iespiedmateri\u0101liem<\/li>\n<li>bakt\u0113riju veido\u0161an\u0101s riska samazin\u0101\u0161ana - samazina bakteri\u0113mijas risku.<\/li>\n<\/ul>\n<h3>Indik\u0101cija \/ m\u0113r\u0137is:<\/h3>\n<p>Maz\u0101ku asi\u0146o\u0161anas gad\u012bjumu \u0101tra aptur\u0113\u0161ana<\/p>\n<h3>Pieteikums:<\/h3>\n<p>Darbojas koagul\u0113jo\u0161i un nekav\u0113joties aptur kapil\u0101r\u0101s asi\u0146o\u0161anas no smagan\u0101m, \u0101das un celulozes. H\u00e4mostatikum Al-Cu nodro\u0161ina t\u012bru, bez asin\u012bm not\u012br\u012btu zobu skalu un zobu t\u012br\u012b\u0161anu un samazina mikrobu iek\u013c\u016b\u0161anas risku organism\u0101. Akt\u012bv\u0101s sast\u0101vda\u013cas: Alum\u012bnija un vara s\u0101\u013ci ar nelieliem, \u0101tri izklied\u0113jamiem anjoniem, adstringents un dezinfic\u0113jo\u0161s l\u012bdzeklis. \u0160\u0137\u012bdumu ieteicams uzkl\u0101t ar vieglu spiedienu ar vates spilventi\u0146u, vates diegu vai pap\u012bra malu uz asi\u0146ojo\u0161\u0101s vietas. Pla\u0161i izplat\u012bta indik\u0101cija zob\u0101rstniec\u012bb\u0101, ar\u012b atliku\u0161\u0101 pulp\u012bta \u0101rst\u0113\u0161anai.<\/p>","protected":false},"excerpt":{"rendered":"<p>Stops sustainable capillary bleedings of the gingiva, the skin and the pulp For a clean and bloodless scaling No interactions<\/p>","protected":false},"featured_media":4442,"template":"","meta":[],"product_brand":[92],"product_cat":[49,111],"product_tag":[],"class_list":{"0":"post-2589","1":"product","2":"type-product","3":"status-publish","4":"has-post-thumbnail","6":"product_brand-humanchemie","7":"product_cat-humanchemie","8":"product_cat-therapy","10":"first","11":"instock","12":"shipping-taxable","13":"purchasable","14":"product-type-simple"},"_links":{"self":[{"href":"https:\/\/goldberg.lv\/lv\/wp-json\/wp\/v2\/product\/2589","targetHints":{"allow":["GET"]}}],"collection":[{"href":"https:\/\/goldberg.lv\/lv\/wp-json\/wp\/v2\/product"}],"about":[{"href":"https:\/\/goldberg.lv\/lv\/wp-json\/wp\/v2\/types\/product"}],"wp:featuredmedia":[{"embeddable":true,"href":"https:\/\/goldberg.lv\/lv\/wp-json\/wp\/v2\/media\/4442"}],"wp:attachment":[{"href":"https:\/\/goldberg.lv\/lv\/wp-json\/wp\/v2\/media?parent=2589"}],"wp:term":[{"taxonomy":"product_brand","embeddable":true,"href":"https:\/\/goldberg.lv\/lv\/wp-json\/wp\/v2\/product_brand?post=2589"},{"taxonomy":"product_cat","embeddable":true,"href":"https:\/\/goldberg.lv\/lv\/wp-json\/wp\/v2\/product_cat?post=2589"},{"taxonomy":"product_tag","embeddable":true,"href":"https:\/\/goldberg.lv\/lv\/wp-json\/wp\/v2\/product_tag?post=2589"}],"curies":[{"name":"wp","href":"https:\/\/api.w.org\/{rel}","templated":true}]}}