{"id":2588,"date":"2025-11-03T14:52:27","date_gmt":"2025-11-03T11:52:27","guid":{"rendered":"https:\/\/goldberg.lv\/shop\/atacamit-wurzelfullzement\/"},"modified":"2026-04-15T17:45:18","modified_gmt":"2026-04-15T14:45:18","slug":"atacamit-wurzelfullzement","status":"publish","type":"product","link":"https:\/\/goldberg.lv\/lv\/shop\/atacamit-wurzelfullzement\/","title":{"rendered":"Atacamit-Wurzelf\u00fcllzement"},"content":{"rendered":"<ul>\n<li>Noteiktam pild\u012bjumam p\u0113c sak\u0146u \u0101rst\u0113\u0161anas<\/li>\n<li>Samazina atk\u0101rtotas infic\u0113\u0161an\u0101s risku<\/li>\n<li>Rentgena staru necaursp\u012bd\u012bgs<\/li>\n<\/ul>\n<h3>Indik\u0101cija \/ m\u0113r\u0137is:<\/h3>\n<p>Gal\u012bgajam plomb\u0113jumam p\u0113c katra veida sak\u0146u \u0101rst\u0113\u0161anas.<\/p>\n<h3>Pieteikums:<\/h3>\n<p>L\u0113ni ciet\u0113jo\u0161s kalcija hidroks\u012bda cements ar zemu konsistenci. Tam piem\u012bt kalcija hidroks\u012bda s\u0101rmain\u012bba, bet ar\u012b iev\u0113rojami augst\u0101ks bakt\u0113riju samazino\u0161ais efekts, neradot rezistenci. Atacamit-Wurzelf\u00fcllzement nodro\u0161ina pret bakt\u0113rij\u0101m dro\u0161u okl\u016bziju kan\u0101la apak\u0161\u0113j\u0101 segment\u0101, kas ir necaurlaid\u012bgs mutes dobuma bakt\u0113rij\u0101m. Gad\u012bjumos, kad nepiecie\u0161ams ievietot tapu, Atacamit-Wurzelf\u00fcllzement ir j\u0101no\u0146em tapas ievieto\u0161anas viet\u0101. Ar rentgena kontrastu. Viegli no\u0146emt.<\/p>","protected":false},"excerpt":{"rendered":"<p>For definite filling after root treatment Reduces the risk of re-infection X-ray opaque Indication \/ purpose: For definitive filling after<\/p>","protected":false},"featured_media":4470,"template":"","meta":[],"product_brand":[92],"product_cat":[49,111],"product_tag":[],"class_list":{"0":"post-2588","1":"product","2":"type-product","3":"status-publish","4":"has-post-thumbnail","6":"product_brand-humanchemie","7":"product_cat-humanchemie","8":"product_cat-therapy","10":"first","11":"instock","12":"shipping-taxable","13":"purchasable","14":"product-type-simple"},"_links":{"self":[{"href":"https:\/\/goldberg.lv\/lv\/wp-json\/wp\/v2\/product\/2588","targetHints":{"allow":["GET"]}}],"collection":[{"href":"https:\/\/goldberg.lv\/lv\/wp-json\/wp\/v2\/product"}],"about":[{"href":"https:\/\/goldberg.lv\/lv\/wp-json\/wp\/v2\/types\/product"}],"wp:featuredmedia":[{"embeddable":true,"href":"https:\/\/goldberg.lv\/lv\/wp-json\/wp\/v2\/media\/4470"}],"wp:attachment":[{"href":"https:\/\/goldberg.lv\/lv\/wp-json\/wp\/v2\/media?parent=2588"}],"wp:term":[{"taxonomy":"product_brand","embeddable":true,"href":"https:\/\/goldberg.lv\/lv\/wp-json\/wp\/v2\/product_brand?post=2588"},{"taxonomy":"product_cat","embeddable":true,"href":"https:\/\/goldberg.lv\/lv\/wp-json\/wp\/v2\/product_cat?post=2588"},{"taxonomy":"product_tag","embeddable":true,"href":"https:\/\/goldberg.lv\/lv\/wp-json\/wp\/v2\/product_tag?post=2588"}],"curies":[{"name":"wp","href":"https:\/\/api.w.org\/{rel}","templated":true}]}}