{"id":2587,"date":"2025-11-03T14:52:26","date_gmt":"2025-11-03T11:52:26","guid":{"rendered":"https:\/\/goldberg.lv\/shop\/cupral-liquid-100ml\/"},"modified":"2026-04-15T17:45:17","modified_gmt":"2026-04-15T14:45:17","slug":"cupral-liquid-100ml","status":"publish","type":"product","link":"https:\/\/goldberg.lv\/lv\/shop\/cupral-liquid-100ml\/","title":{"rendered":"Cupral\u00ae \u0161\u0137idrums 100ml"},"content":{"rendered":"<ul>\n<li>Efekt\u012bvs skalo\u0161anas \u0161\u0137\u012bdums<\/li>\n<li>Noder\u012bgs kan\u0101l\u0101 un kabat\u0101<\/li>\n<li>Dro\u0161a pH v\u0113rt\u012bbas stabiliz\u0101cija<\/li>\n<li>Bez antibiotik\u0101m un CHX<\/li>\n<\/ul>\n<h3>Indik\u0101cija \/ m\u0113r\u0137is:<\/h3>\n<p>Visu veidu zobu sak\u0146u \u0101rst\u0113\u0161ana ar un bez Depotphorese\u00ae (kan\u0101lu skalo\u0161ana pirms un p\u0113c \u0101rst\u0113\u0161anas). Periodonta kabatu skalo\u0161ana un\/vai Gingivitis simplex \u0101rst\u0113\u0161ana.<\/p>\n<h3>Pieteikums:<\/h3>\n<p>Skalo\u0161anas \u0161\u0137\u012bdums sak\u0146u kan\u0101liem un kabat\u0101m, kas ir gatavs lieto\u0161anai un nesatur antibiotikas. Cupral\u00ae \u0161\u0137idrums iedarbojas ar pH v\u0113rt\u012bbas stabiliz\u0101ciju un apvieno Cupral\u00ae priek\u0161roc\u012bbas efekt\u012bv\u0101 skalo\u0161anas \u0161\u0137\u012bdum\u0101,<br \/>\nkas nodro\u0161ina dro\u0161u aizsardz\u012bbu pret periodonta patog\u0113niem, neizveidojot rezistenci.<\/p>","protected":false},"excerpt":{"rendered":"<p>Effective rinsing solution Useful in canal and pocket Safe pH-value stabilization Free of antibiotics and CHX Indication \/ purpose: Root<\/p>","protected":false},"featured_media":4448,"template":"","meta":[],"product_brand":[92],"product_cat":[49,113,114,111],"product_tag":[],"class_list":{"0":"post-2587","1":"product","2":"type-product","3":"status-publish","4":"has-post-thumbnail","6":"product_brand-humanchemie","7":"product_cat-humanchemie","8":"product_cat-endodontics","9":"product_cat-hygiene","10":"product_cat-therapy","12":"first","13":"instock","14":"shipping-taxable","15":"purchasable","16":"product-type-simple"},"_links":{"self":[{"href":"https:\/\/goldberg.lv\/lv\/wp-json\/wp\/v2\/product\/2587","targetHints":{"allow":["GET"]}}],"collection":[{"href":"https:\/\/goldberg.lv\/lv\/wp-json\/wp\/v2\/product"}],"about":[{"href":"https:\/\/goldberg.lv\/lv\/wp-json\/wp\/v2\/types\/product"}],"wp:featuredmedia":[{"embeddable":true,"href":"https:\/\/goldberg.lv\/lv\/wp-json\/wp\/v2\/media\/4448"}],"wp:attachment":[{"href":"https:\/\/goldberg.lv\/lv\/wp-json\/wp\/v2\/media?parent=2587"}],"wp:term":[{"taxonomy":"product_brand","embeddable":true,"href":"https:\/\/goldberg.lv\/lv\/wp-json\/wp\/v2\/product_brand?post=2587"},{"taxonomy":"product_cat","embeddable":true,"href":"https:\/\/goldberg.lv\/lv\/wp-json\/wp\/v2\/product_cat?post=2587"},{"taxonomy":"product_tag","embeddable":true,"href":"https:\/\/goldberg.lv\/lv\/wp-json\/wp\/v2\/product_tag?post=2587"}],"curies":[{"name":"wp","href":"https:\/\/api.w.org\/{rel}","templated":true}]}}