{"id":2586,"date":"2025-11-03T14:52:25","date_gmt":"2025-11-03T11:52:25","guid":{"rendered":"https:\/\/goldberg.lv\/shop\/cupral-15-g\/"},"modified":"2026-04-15T17:45:16","modified_gmt":"2026-04-15T14:45:16","slug":"cupral-15-g","status":"publish","type":"product","link":"https:\/\/goldberg.lv\/lv\/shop\/cupral-15-g\/","title":{"rendered":"Cupral\u00ae 15 g"},"content":{"rendered":"<ul>\n<li>\u0100tra sadz\u012b\u0161ana pat bez antibiotik\u0101m<\/li>\n<li>Selekt\u012bv\u0101 kabatas epit\u0113lija iz\u0161\u0137\u012bdin\u0101\u0161ana ar membr\u0101nas veido\u0161anos<\/li>\n<li>D\u012bgstu samazin\u0101\u0161ana ar ilgtermi\u0146a iedarb\u012bbu, stabiliz\u0113jot pH v\u0113rt\u012bbu<\/li>\n<li>Apstiprin\u0101ts k\u0101 platjoslas terapeitiskais l\u012bdzeklis bez rezistences att\u012bst\u012bbas<\/li>\n<\/ul>\n<h3>Indik\u0101cija \/ m\u0113r\u0137is:<\/h3>\n<p>Sak\u0146u apstr\u0101dei ar vai bez Depotphorese\u00ae. K\u0101 z\u0101\u013cu ieliktnis. Netie\u0161am celulozes p\u0101rkl\u0101jumam. Periodonta slim\u012bbu augmentat\u012bvai \u0101rst\u0113\u0161anai.<\/p>\n<h3>Pieteikums:<\/h3>\n<p>Cupral\u00ae apvieno kalcija hidroks\u012bda p\u0101rbaud\u012bt\u0101s \u012bpa\u0161\u012bbas ar bakt\u0113riju reduc\u0113\u0161anas sp\u0113ku. Da\u017e\u0101di reakcijas veidi un \u012bpa\u0161s reakcijas process nodro\u0161ina past\u0101v\u012bgu, polivalentu antiseptisku iedarb\u012bbu. Membr\u0101nas veido\u0161an\u0101s d\u0113\u013c Cupral\u00ae ir nekait\u012bgs neinfic\u0113tam audu materi\u0101lam.<\/p>","protected":false},"excerpt":{"rendered":"<p>Fast healing even without antibiotics Selective dissolving of the pocket epithelium with membrane formation Germ reduction with long-term effect by<\/p>","protected":false},"featured_media":4452,"template":"","meta":[],"product_brand":[92],"product_cat":[49,113,114,111],"product_tag":[],"class_list":{"0":"post-2586","1":"product","2":"type-product","3":"status-publish","4":"has-post-thumbnail","6":"product_brand-humanchemie","7":"product_cat-humanchemie","8":"product_cat-endodontics","9":"product_cat-hygiene","10":"product_cat-therapy","12":"first","13":"instock","14":"shipping-taxable","15":"purchasable","16":"product-type-simple"},"_links":{"self":[{"href":"https:\/\/goldberg.lv\/lv\/wp-json\/wp\/v2\/product\/2586","targetHints":{"allow":["GET"]}}],"collection":[{"href":"https:\/\/goldberg.lv\/lv\/wp-json\/wp\/v2\/product"}],"about":[{"href":"https:\/\/goldberg.lv\/lv\/wp-json\/wp\/v2\/types\/product"}],"wp:featuredmedia":[{"embeddable":true,"href":"https:\/\/goldberg.lv\/lv\/wp-json\/wp\/v2\/media\/4452"}],"wp:attachment":[{"href":"https:\/\/goldberg.lv\/lv\/wp-json\/wp\/v2\/media?parent=2586"}],"wp:term":[{"taxonomy":"product_brand","embeddable":true,"href":"https:\/\/goldberg.lv\/lv\/wp-json\/wp\/v2\/product_brand?post=2586"},{"taxonomy":"product_cat","embeddable":true,"href":"https:\/\/goldberg.lv\/lv\/wp-json\/wp\/v2\/product_cat?post=2586"},{"taxonomy":"product_tag","embeddable":true,"href":"https:\/\/goldberg.lv\/lv\/wp-json\/wp\/v2\/product_tag?post=2586"}],"curies":[{"name":"wp","href":"https:\/\/api.w.org\/{rel}","templated":true}]}}