{"id":2582,"date":"2025-11-03T14:52:20","date_gmt":"2025-11-03T11:52:20","guid":{"rendered":"https:\/\/goldberg.lv\/shop\/calciumhydroxid-hochdispers-15-g\/"},"modified":"2026-04-15T17:45:15","modified_gmt":"2026-04-15T14:45:15","slug":"calciumhydroxid-hochdispers-15-g","status":"publish","type":"product","link":"https:\/\/goldberg.lv\/lv\/shop\/calciumhydroxid-hochdispers-15-g\/","title":{"rendered":"Kalcija hidroks\u012bdkalcija hohidroglikarbon\u0101ts 15 g"},"content":{"rendered":"<ul>\n<li>T\u012bra kalcija hidroks\u012bda pasta<\/li>\n<li>\u013boti akt\u012bvs ar optim\u0101lo pH &gt; 12,4<\/li>\n<li>saglab\u0101 pilnu iedarb\u012bbu ar\u012b p\u0113c pudeles atv\u0113r\u0161anas<\/li>\n<li>Gatavs lieto\u0161anai<\/li>\n<li>Membr\u0101nas veido\u0161an\u0101s d\u0113\u013c tas ir nekait\u012bgs neinfic\u0113tam audu materi\u0101lam.<\/li>\n<\/ul>\n<h3>Indik\u0101cija \/ m\u0113r\u0137is:<\/h3>\n<p>Tie\u0161ai celulozes p\u0101rkl\u0101jumam. Sak\u0146u \u0101rst\u0113\u0161anai ar un bez Depotphorese\u00ae, ja nav v\u0113lams Cupral\u00ae.<\/p>\n<h3>Pieteikums:<\/h3>\n<p>Augsta dispersija, izmantojot pa\u0161u ra\u017eo\u0161anas procesu: 1 g kalcija hidroks\u012bda-hohdispersa ir aptuveni 30 m2 virsmas. T\u012bra kalcija hidroks\u012bda pasta, kurai piem\u012bt t\u012bra kalcija hidroks\u012bda \u012bpa\u0161\u012bbas optim\u0101l\u0101 form\u0101, pH 12,4-13. T\u0101 ir piem\u0113rota s\u0101rmainas celulozes p\u0101rseguma veik\u0161anai (tie\u0161ais p\u0101rsegums), k\u0101 ar\u012b sak\u0146u \u0101rst\u0113\u0161anai pla\u0161a foramen apical (jaunie zobi) gad\u012bjum\u0101 vai k\u0101 plomba p\u0113c vit\u0101l\u0101s eksstirp\u0101cijas. Visos citos gad\u012bjumos ieteicams izmantot Cupral\u00ae , jo tam ir iev\u0113rojami liel\u0101ka dezinfekcijas sp\u0113ja. Priek\u0161\u0113jiem zobiem ieteicams izmantot 90 % kalcija hidroks\u012bda-hohdispersa un 10 % Cupral\u00ae mais\u012bjumu, lai izvair\u012btos no iesp\u0113jamas tum\u0161uma veido\u0161an\u0101s.<\/p>","protected":false},"excerpt":{"rendered":"<p>Pure calcium hydroxide paste Highly active with an optimum pH &gt; 12.4 Retains its full effect also after opening the<\/p>","protected":false},"featured_media":4467,"template":"","meta":[],"product_brand":[92],"product_cat":[49,111],"product_tag":[],"class_list":{"0":"post-2582","1":"product","2":"type-product","3":"status-publish","4":"has-post-thumbnail","6":"product_brand-humanchemie","7":"product_cat-humanchemie","8":"product_cat-therapy","10":"first","11":"instock","12":"shipping-taxable","13":"purchasable","14":"product-type-simple"},"_links":{"self":[{"href":"https:\/\/goldberg.lv\/lv\/wp-json\/wp\/v2\/product\/2582","targetHints":{"allow":["GET"]}}],"collection":[{"href":"https:\/\/goldberg.lv\/lv\/wp-json\/wp\/v2\/product"}],"about":[{"href":"https:\/\/goldberg.lv\/lv\/wp-json\/wp\/v2\/types\/product"}],"wp:featuredmedia":[{"embeddable":true,"href":"https:\/\/goldberg.lv\/lv\/wp-json\/wp\/v2\/media\/4467"}],"wp:attachment":[{"href":"https:\/\/goldberg.lv\/lv\/wp-json\/wp\/v2\/media?parent=2582"}],"wp:term":[{"taxonomy":"product_brand","embeddable":true,"href":"https:\/\/goldberg.lv\/lv\/wp-json\/wp\/v2\/product_brand?post=2582"},{"taxonomy":"product_cat","embeddable":true,"href":"https:\/\/goldberg.lv\/lv\/wp-json\/wp\/v2\/product_cat?post=2582"},{"taxonomy":"product_tag","embeddable":true,"href":"https:\/\/goldberg.lv\/lv\/wp-json\/wp\/v2\/product_tag?post=2582"}],"curies":[{"name":"wp","href":"https:\/\/api.w.org\/{rel}","templated":true}]}}