{"id":2578,"date":"2025-11-03T14:52:15","date_gmt":"2025-11-03T11:52:15","guid":{"rendered":"https:\/\/goldberg.lv\/shop\/probierpackung-tiefenfluorid-junior-2-x-5-ml\/"},"modified":"2026-04-15T17:45:13","modified_gmt":"2026-04-15T14:45:13","slug":"probierpackung-tiefenfluorid-junior-2-x-5-ml","status":"publish","type":"product","link":"https:\/\/goldberg.lv\/lv\/shop\/probierpackung-tiefenfluorid-junior-2-x-5-ml\/","title":{"rendered":"Probierpackung Tiefenfluorid\u00ae junior 2 x 5 ml"},"content":{"rendered":"<ul>\n<li>Zobu kakli\u0146u desensibiliz\u0101cija<\/li>\n<li>Miner\u0101lu plaisu bl\u012bv\u0113jums<\/li>\n<li>Baltie plankumi izz\u016bd<\/li>\n<li>Kariesa profilakse ar\u012b gr\u016bti sasniedzam\u0101s viet\u0101s<\/li>\n<li>Aug\u013cu saldums ar ksil\u012btu<\/li>\n<\/ul>\n<h3>Indik\u0101cija \/ m\u0113r\u0137is:<\/h3>\n<p>Kariesa profilakse - ar\u012b ar skav\u0101m. Zobu kakli\u0146u desensibiliz\u0101cija. Miner\u0101lu plaisi\u0146u plomb\u0113\u0161ana.<\/p>\n<h3>Pieteikums:<\/h3>\n<p>Uzkl\u0101jot pirmo lieto\u0161anas \u0161\u0137\u012bdumu ar samitrin\u0101tu kokvilnas pl\u0101ksn\u012bti vai birst\u012bti, zobu emaljas tekst\u016bra ir atv\u0113rta, un sare\u017e\u0123\u012btie fluora un vara joni iek\u013c\u016bst dzi\u013ci zobu emaljas piltuv\u0113s.<br \/>\nAr\u012b otrais \u0161\u0137\u012bdums iek\u013c\u016bst dzi\u013ci un nekav\u0113joties izraisa reakciju zobu emaljas dzi\u013cum\u0101.<br \/>\nSubmikroskopisks kalcija fluor\u012bds, kura izm\u0113rs ir 50 \u00c5, ir viendab\u012bgi aizpild\u012bjis atbr\u012bvot\u0101s emaljas piltuves. Tur tas ilgsto\u0161i darbojas, aizsarg\u0101ts pret nodilumu.<\/p>","protected":false},"excerpt":{"rendered":"<p>Tooth neck desensitisation Mineral fissure sealing White spots disappear Caries prophylaxis also at hardly reachable areas Fruity sweet with xylitol<\/p>","protected":false},"featured_media":4468,"template":"","meta":[],"product_brand":[92],"product_cat":[49,114],"product_tag":[],"class_list":{"0":"post-2578","1":"product","2":"type-product","3":"status-publish","4":"has-post-thumbnail","6":"product_brand-humanchemie","7":"product_cat-humanchemie","8":"product_cat-hygiene","10":"first","11":"outofstock","12":"shipping-taxable","13":"purchasable","14":"product-type-simple"},"_links":{"self":[{"href":"https:\/\/goldberg.lv\/lv\/wp-json\/wp\/v2\/product\/2578","targetHints":{"allow":["GET"]}}],"collection":[{"href":"https:\/\/goldberg.lv\/lv\/wp-json\/wp\/v2\/product"}],"about":[{"href":"https:\/\/goldberg.lv\/lv\/wp-json\/wp\/v2\/types\/product"}],"wp:featuredmedia":[{"embeddable":true,"href":"https:\/\/goldberg.lv\/lv\/wp-json\/wp\/v2\/media\/4468"}],"wp:attachment":[{"href":"https:\/\/goldberg.lv\/lv\/wp-json\/wp\/v2\/media?parent=2578"}],"wp:term":[{"taxonomy":"product_brand","embeddable":true,"href":"https:\/\/goldberg.lv\/lv\/wp-json\/wp\/v2\/product_brand?post=2578"},{"taxonomy":"product_cat","embeddable":true,"href":"https:\/\/goldberg.lv\/lv\/wp-json\/wp\/v2\/product_cat?post=2578"},{"taxonomy":"product_tag","embeddable":true,"href":"https:\/\/goldberg.lv\/lv\/wp-json\/wp\/v2\/product_tag?post=2578"}],"curies":[{"name":"wp","href":"https:\/\/api.w.org\/{rel}","templated":true}]}}