{"id":2575,"date":"2025-11-03T14:52:11","date_gmt":"2025-11-03T11:52:11","guid":{"rendered":"https:\/\/goldberg.lv\/shop\/gros-sparpackung-dentin-versiegelungsliquid-2-x-20-ml\/"},"modified":"2026-04-15T17:45:11","modified_gmt":"2026-04-15T14:45:11","slug":"gros-sparpackung-dentin-versiegelungsliquid-2-x-20-ml","status":"publish","type":"product","link":"https:\/\/goldberg.lv\/lv\/shop\/gros-sparpackung-dentin-versiegelungsliquid-2-x-20-ml\/","title":{"rendered":"Gro\u00df-Sparpackung Dentin-Versiegelungsliquid 2 x 20 ml"},"content":{"rendered":"<ul>\n<li>Nov\u0113r\u0161 jut\u012bgumu<\/li>\n<li>Ilgsto\u0161a celulozes aizsardz\u012bba<\/li>\n<li>Sekund\u0101r\u0101 kariesa un kariesa recid\u012bvu dro\u0161a saglab\u0101\u0161ana<\/li>\n<li>Aizst\u0101j nepiln\u012bgu aizpild\u012bjumu plastmasas plombu gad\u012bjum\u0101.<\/li>\n<\/ul>\n<h3>Indik\u0101cija \/ m\u0113r\u0137is:<\/h3>\n<p>Sekund\u0101r\u0101 kariesa profilakse. Plastmasas plomb\u0101m nav nepiecie\u0161ama apak\u0161aizpild\u012b\u0161ana (kodin\u0101\u0161ana un l\u012bm\u0113\u0161ana netiek ietekm\u0113ta).<\/p>\n<h3>Pieteikums:<\/h3>\n<p>Dzi\u013ci penetr\u0113jo\u0161\u0101 fluor\u0113\u0161ana ar vara piedevu, izmantojot Dentin-Versiegelungsliquid, nodro\u0161ina visaugst\u0101ko aizsardz\u012bbu pret sekund\u0101ro kariesu un kariesa recid\u012bviem. Dent\u012bna kan\u0101lu aizz\u012bmogo\u0161ana tiek veikta ar vienk\u0101r\u0161u divpak\u0101pju uzkl\u0101\u0161anu. V\u0113rt\u012bgs blakusefekts ir sekund\u0101r\u0101 dent\u012bna veido\u0161an\u0101s. R\u016bp\u012bga dobuma aplik\u0101cija var aizst\u0101t nepiln\u012bgu aizpild\u012b\u0161anu plastmasas plombu gad\u012bjum\u0101. Uzkl\u0101\u0161ana j\u0101veic pirms kodin\u0101\u0161anas un l\u012bm\u0113\u0161anas, kuru iedarb\u012bba netiek ietekm\u0113ta.<\/p>","protected":false},"excerpt":{"rendered":"<p>Prevents sensitivities Long-lasting protection of the pulp Safe preservation of secondary caries and caries relapses Replaces underfilling in case of<\/p>","protected":false},"featured_media":4472,"template":"","meta":[],"product_brand":[92],"product_cat":[49,111],"product_tag":[],"class_list":{"0":"post-2575","1":"product","2":"type-product","3":"status-publish","4":"has-post-thumbnail","6":"product_brand-humanchemie","7":"product_cat-humanchemie","8":"product_cat-therapy","10":"first","11":"instock","12":"shipping-taxable","13":"purchasable","14":"product-type-simple"},"_links":{"self":[{"href":"https:\/\/goldberg.lv\/lv\/wp-json\/wp\/v2\/product\/2575","targetHints":{"allow":["GET"]}}],"collection":[{"href":"https:\/\/goldberg.lv\/lv\/wp-json\/wp\/v2\/product"}],"about":[{"href":"https:\/\/goldberg.lv\/lv\/wp-json\/wp\/v2\/types\/product"}],"wp:featuredmedia":[{"embeddable":true,"href":"https:\/\/goldberg.lv\/lv\/wp-json\/wp\/v2\/media\/4472"}],"wp:attachment":[{"href":"https:\/\/goldberg.lv\/lv\/wp-json\/wp\/v2\/media?parent=2575"}],"wp:term":[{"taxonomy":"product_brand","embeddable":true,"href":"https:\/\/goldberg.lv\/lv\/wp-json\/wp\/v2\/product_brand?post=2575"},{"taxonomy":"product_cat","embeddable":true,"href":"https:\/\/goldberg.lv\/lv\/wp-json\/wp\/v2\/product_cat?post=2575"},{"taxonomy":"product_tag","embeddable":true,"href":"https:\/\/goldberg.lv\/lv\/wp-json\/wp\/v2\/product_tag?post=2575"}],"curies":[{"name":"wp","href":"https:\/\/api.w.org\/{rel}","templated":true}]}}