{"id":2559,"date":"2025-11-03T14:51:46","date_gmt":"2025-11-03T11:51:46","guid":{"rendered":"https:\/\/goldberg.lv\/shop\/dia-gates-glidden-drill-6\/"},"modified":"2026-04-15T17:45:06","modified_gmt":"2026-04-15T14:45:06","slug":"dia-gates-glidden-drill-6","status":"publish","type":"product","link":"https:\/\/goldberg.lv\/lv\/shop\/dia-gates-glidden-drill-6\/","title":{"rendered":"DIA-Gates Glidden urbis (6)"},"content":{"rendered":"<ul>\n<li>Izmanto, lai sagatavotu neliekta kan\u0101la aug\u0161\u0113jo un vid\u0113jo da\u013cu vai izliekta kan\u0101la taisno da\u013cu.<\/li>\n<li>Ietaupiet laiku un efekt\u012bvi izveidojiet lielisku piek\u013cuves punktu izfr\u0113z\u0113t\u0101jiem un v\u012bl\u0113m.<\/li>\n<li>Palieliniet kan\u0101la taisno vainagveida da\u013cu ar Gates Glidden drill un pak\u0101peniski samaziniet ar endopil\u0113m, vispirms izmantojot liel\u0101ko izm\u0113ru k\u0101 Crown Down metodi.<\/li>\n<li>Sak\u0146u kan\u0101la atveres atv\u0113r\u0161anai<\/li>\n<li>Izcils ner\u016bs\u0113jo\u0161ais t\u0113rauds ar uzlabotu grie\u0161anas sp\u0113ju<\/li>\n<li>Ap\u013ca gredzens ir kod\u0113ts uz k\u0101ta<\/li>\n<li>Ieteicamais \u0101trums: 800 ~ 1200 apgr\/min<\/li>\n<li>6 faili\/kast\u0113<\/li>\n<\/ul>","protected":false},"excerpt":{"rendered":"<p>Used to prepare the upper and middle part of a non-curved canal or straight part of a curved canal Save<\/p>","protected":false},"featured_media":4835,"template":"","meta":[],"product_brand":[90],"product_cat":[48,113],"product_tag":[],"class_list":{"0":"post-2559","1":"product","2":"type-product","3":"status-publish","4":"has-post-thumbnail","6":"product_brand-diadent","7":"product_cat-diadent","8":"product_cat-endodontics","10":"first","11":"instock","12":"shipping-taxable","13":"purchasable","14":"product-type-simple"},"_links":{"self":[{"href":"https:\/\/goldberg.lv\/lv\/wp-json\/wp\/v2\/product\/2559","targetHints":{"allow":["GET"]}}],"collection":[{"href":"https:\/\/goldberg.lv\/lv\/wp-json\/wp\/v2\/product"}],"about":[{"href":"https:\/\/goldberg.lv\/lv\/wp-json\/wp\/v2\/types\/product"}],"wp:featuredmedia":[{"embeddable":true,"href":"https:\/\/goldberg.lv\/lv\/wp-json\/wp\/v2\/media\/4835"}],"wp:attachment":[{"href":"https:\/\/goldberg.lv\/lv\/wp-json\/wp\/v2\/media?parent=2559"}],"wp:term":[{"taxonomy":"product_brand","embeddable":true,"href":"https:\/\/goldberg.lv\/lv\/wp-json\/wp\/v2\/product_brand?post=2559"},{"taxonomy":"product_cat","embeddable":true,"href":"https:\/\/goldberg.lv\/lv\/wp-json\/wp\/v2\/product_cat?post=2559"},{"taxonomy":"product_tag","embeddable":true,"href":"https:\/\/goldberg.lv\/lv\/wp-json\/wp\/v2\/product_tag?post=2559"}],"curies":[{"name":"wp","href":"https:\/\/api.w.org\/{rel}","templated":true}]}}