{"id":2558,"date":"2025-11-03T14:51:45","date_gmt":"2025-11-03T11:51:45","guid":{"rendered":"https:\/\/goldberg.lv\/shop\/diaetch-refill-package-1x5ml\/"},"modified":"2026-04-15T16:12:00","modified_gmt":"2026-04-15T13:12:00","slug":"diaetch-refill-package-1x5ml","status":"publish","type":"product","link":"https:\/\/goldberg.lv\/lv\/shop\/diaetch-refill-package-1x5ml\/","title":{"rendered":"DIAETCH atk\u0101rtotas uzpild\u012b\u0161anas iepakojums 1x5ml"},"content":{"rendered":"","protected":false},"excerpt":{"rendered":"","protected":false},"featured_media":0,"template":"","meta":[],"product_brand":[90],"product_cat":[48],"product_tag":[],"class_list":{"0":"post-2558","1":"product","2":"type-product","3":"status-publish","5":"product_brand-diadent","6":"product_cat-diadent","8":"first","9":"instock","10":"shipping-taxable","11":"purchasable","12":"product-type-simple"},"_links":{"self":[{"href":"https:\/\/goldberg.lv\/lv\/wp-json\/wp\/v2\/product\/2558","targetHints":{"allow":["GET"]}}],"collection":[{"href":"https:\/\/goldberg.lv\/lv\/wp-json\/wp\/v2\/product"}],"about":[{"href":"https:\/\/goldberg.lv\/lv\/wp-json\/wp\/v2\/types\/product"}],"wp:attachment":[{"href":"https:\/\/goldberg.lv\/lv\/wp-json\/wp\/v2\/media?parent=2558"}],"wp:term":[{"taxonomy":"product_brand","embeddable":true,"href":"https:\/\/goldberg.lv\/lv\/wp-json\/wp\/v2\/product_brand?post=2558"},{"taxonomy":"product_cat","embeddable":true,"href":"https:\/\/goldberg.lv\/lv\/wp-json\/wp\/v2\/product_cat?post=2558"},{"taxonomy":"product_tag","embeddable":true,"href":"https:\/\/goldberg.lv\/lv\/wp-json\/wp\/v2\/product_tag?post=2558"}],"curies":[{"name":"wp","href":"https:\/\/api.w.org\/{rel}","templated":true}]}}