{"id":2557,"date":"2025-11-03T14:51:44","date_gmt":"2025-11-03T11:51:44","guid":{"rendered":"https:\/\/goldberg.lv\/shop\/diaetch-economic-package-type-a-5x5ml\/"},"modified":"2026-04-15T17:45:04","modified_gmt":"2026-04-15T14:45:04","slug":"diaetch-economic-package-type-a-5x5ml","status":"publish","type":"product","link":"https:\/\/goldberg.lv\/lv\/shop\/diaetch-economic-package-type-a-5x5ml\/","title":{"rendered":"DIAETCH EKONOMISK\u0100 PAKTE (A TIPS) 5x5ml"},"content":{"rendered":"<p><strong>FUNKCIJAS UN PRIEK\u0160ROC\u012aBAS<\/strong><\/p>\n<ul>\n<li>\u0100tra un prec\u012bza uzkl\u0101\u0161ana ar mazas platuma (25 mm) iepriek\u0161 saliektu uzgal\u012bti.<\/li>\n<li>\u0112rta doz\u0113\u0161anas \u0161\u013circe<\/li>\n<li>15 sekun\u017eu kodin\u0101\u0161ana<\/li>\n<li>Lieliska biolo\u0123isk\u0101 savietojam\u012bba<\/li>\n<li>Ide\u0101la konsistence un materi\u0101la biezums<\/li>\n<li>Viegli nomazg\u0101jams bez jebk\u0101diem atlikumiem paredzamai sa\u0137erei<\/li>\n<li>Kr\u0101su var viegli at\u0161\u0137irt no zoba<\/li>\n<\/ul>\n<p>&nbsp;<\/p>","protected":false},"excerpt":{"rendered":"<p>DiaEtch ir zilas kr\u0101sas g\u0113la tipa viela, kas satur 37% fosforsk\u0101bi, kura kodina emalju un dent\u012bnu, lai veicin\u0101tu primera\/stiprino\u0161o adhez\u012bvu adh\u0113ziju adh\u0113ziju pie zobu strukt\u016bras un restaur\u0101cijas materi\u0101liem.<\/p>","protected":false},"featured_media":4758,"template":"","meta":[],"product_brand":[90],"product_cat":[48,113],"product_tag":[],"class_list":{"0":"post-2557","1":"product","2":"type-product","3":"status-publish","4":"has-post-thumbnail","6":"product_brand-diadent","7":"product_cat-diadent","8":"product_cat-endodontics","10":"first","11":"outofstock","12":"shipping-taxable","13":"purchasable","14":"product-type-simple"},"_links":{"self":[{"href":"https:\/\/goldberg.lv\/lv\/wp-json\/wp\/v2\/product\/2557","targetHints":{"allow":["GET"]}}],"collection":[{"href":"https:\/\/goldberg.lv\/lv\/wp-json\/wp\/v2\/product"}],"about":[{"href":"https:\/\/goldberg.lv\/lv\/wp-json\/wp\/v2\/types\/product"}],"wp:featuredmedia":[{"embeddable":true,"href":"https:\/\/goldberg.lv\/lv\/wp-json\/wp\/v2\/media\/4758"}],"wp:attachment":[{"href":"https:\/\/goldberg.lv\/lv\/wp-json\/wp\/v2\/media?parent=2557"}],"wp:term":[{"taxonomy":"product_brand","embeddable":true,"href":"https:\/\/goldberg.lv\/lv\/wp-json\/wp\/v2\/product_brand?post=2557"},{"taxonomy":"product_cat","embeddable":true,"href":"https:\/\/goldberg.lv\/lv\/wp-json\/wp\/v2\/product_cat?post=2557"},{"taxonomy":"product_tag","embeddable":true,"href":"https:\/\/goldberg.lv\/lv\/wp-json\/wp\/v2\/product_tag?post=2557"}],"curies":[{"name":"wp","href":"https:\/\/api.w.org\/{rel}","templated":true}]}}