{"id":2554,"date":"2025-11-03T14:51:40","date_gmt":"2025-11-03T11:51:40","guid":{"rendered":"https:\/\/goldberg.lv\/shop\/diafil-flow-refill-pkg\/"},"modified":"2026-04-15T17:45:01","modified_gmt":"2026-04-15T14:45:01","slug":"diafil-flow-refill-pkg","status":"publish","type":"product","link":"https:\/\/goldberg.lv\/lv\/shop\/diafil-flow-refill-pkg\/","title":{"rendered":"DIAFIL PL\u016aSMAS UZPILDES KOMPLEKTS"},"content":{"rendered":"<ul>\n<li>Minim\u0101li invaz\u012bvu dobuma prepar\u0101tu restaur\u0101cija<br \/>\n- III, V un sekla IV klase<br \/>\n- Prepar\u0101ti, kas paredz\u0113ti gaisa abr\u0101zi<br \/>\n- Tune\u013cu restaur\u0101cijas<\/li>\n<li>B\u0101ze\/apak\u0161pl\u0101ksne zem posterior restaur\u0101cij\u0101m I, II klas\u0113<\/li>\n<li>Est\u0113tisko netie\u0161o restaur\u0101ciju nelielu defektu labo\u0161ana<br \/>\n- Kompoz\u012bts<br \/>\n- Keramika<\/li>\n<li>Padzi\u013cin\u0101ta blo\u0137\u0113\u0161ana<\/li>\n<li>Bedr\u012b\u0161u un plaisu bl\u012bv\u0113\u0161ana<\/li>\n<li>Akrila pagaidu materi\u0101lu remonts<\/li>\n<\/ul>\n<div align=\"left\">\n<p><strong>FUNKCIJAS UN PRIEK\u0160ROC\u012aBAS<\/strong><\/p>\n<ul>\n<li>Lieliska pl\u016bsma un optim\u0101la viskozit\u0101te<\/li>\n<li>Viegla un \u0101tra izvieto\u0161ana<\/li>\n<li>Lieliska kr\u0101su piel\u0101gojam\u012bba<\/li>\n<li>Unik\u0101li pildvielas samazina polimeriz\u0101cijas sarau\u0161anos, lai samazin\u0101tu p\u0113coper\u0101cijas jut\u012bgumu un sekund\u0101ro dobumu veido\u0161anos, ko izraisa margin\u0101la nopl\u016bde.<\/li>\n<li>Lieliska l\u016bzuma iztur\u012bba, augsta stiepes un spiedes iztur\u012bba, kas nodro\u0161ina ilgsto\u0161u rezult\u0101tu.<\/li>\n<li>\u013boti radiop\u0101rejo\u0161s<\/li>\n<li>9 skaisti to\u0146i, kas nodro\u0161ina dabisku est\u0113tiku un sp\u012bdumu.<\/li>\n<\/ul>\n<\/div>","protected":false},"excerpt":{"rendered":"<p><strong>DiaFil\u2122 Flow<\/strong>\u00a0ir pl\u016bsto\u0161s kompoz\u012bts, ko var izmantot vair\u0101k\u0101m indik\u0101cij\u0101m, tostarp.<\/p>","protected":false},"featured_media":4792,"template":"","meta":[],"product_brand":[90],"product_cat":[48,111],"product_tag":[],"class_list":{"0":"post-2554","1":"product","2":"type-product","3":"status-publish","4":"has-post-thumbnail","6":"product_brand-diadent","7":"product_cat-diadent","8":"product_cat-therapy","10":"first","11":"instock","12":"shipping-taxable","13":"purchasable","14":"product-type-simple"},"_links":{"self":[{"href":"https:\/\/goldberg.lv\/lv\/wp-json\/wp\/v2\/product\/2554","targetHints":{"allow":["GET"]}}],"collection":[{"href":"https:\/\/goldberg.lv\/lv\/wp-json\/wp\/v2\/product"}],"about":[{"href":"https:\/\/goldberg.lv\/lv\/wp-json\/wp\/v2\/types\/product"}],"wp:featuredmedia":[{"embeddable":true,"href":"https:\/\/goldberg.lv\/lv\/wp-json\/wp\/v2\/media\/4792"}],"wp:attachment":[{"href":"https:\/\/goldberg.lv\/lv\/wp-json\/wp\/v2\/media?parent=2554"}],"wp:term":[{"taxonomy":"product_brand","embeddable":true,"href":"https:\/\/goldberg.lv\/lv\/wp-json\/wp\/v2\/product_brand?post=2554"},{"taxonomy":"product_cat","embeddable":true,"href":"https:\/\/goldberg.lv\/lv\/wp-json\/wp\/v2\/product_cat?post=2554"},{"taxonomy":"product_tag","embeddable":true,"href":"https:\/\/goldberg.lv\/lv\/wp-json\/wp\/v2\/product_tag?post=2554"}],"curies":[{"name":"wp","href":"https:\/\/api.w.org\/{rel}","templated":true}]}}