{"id":2552,"date":"2025-11-03T14:51:37","date_gmt":"2025-11-03T11:51:37","guid":{"rendered":"https:\/\/goldberg.lv\/shop\/diafil-capsule-types-a1-b2\/"},"modified":"2026-04-15T16:11:57","modified_gmt":"2026-04-15T13:11:57","slug":"diafil-capsule-types-a1-b2","status":"publish","type":"product","link":"https:\/\/goldberg.lv\/lv\/shop\/diafil-capsule-types-a1-b2\/","title":{"rendered":"DIAFIL KAPSULU VEIDI (A1\/B2)"},"content":{"rendered":"<p><strong>FUNKCIJAS UN PRIEK\u0160ROC\u012aBAS<\/strong><\/p>\n<ul>\n<li>Nanohibr\u012bda kompoz\u012bts<\/li>\n<li>Viegli novietojams\/veidojams un nesl\u012bd uz leju.<\/li>\n<li>Neuzl\u012bm\u0113jas uz instrumentiem<\/li>\n<li>Labi piel\u0101gojas mar\u017e\u0101m<\/li>\n<li>Nodilumiztur\u012bba un augsta l\u016bzumu iztur\u012bba<\/li>\n<li>Izcila kr\u0101su stabilit\u0101te<\/li>\n<li>\u0100trs polimeriz\u0101cijas laiks: 20 sekundes<\/li>\n<li>Var izmantot gan priek\u0161\u0113j\u0101m, gan aizmugur\u0113j\u0101m restaur\u0101cij\u0101m.<\/li>\n<li>Unik\u0101li pildvielas samazina polimeriz\u0101cijas sarau\u0161anos, lai samazin\u0101tu p\u0113coper\u0101cijas jut\u012bgumu un sekund\u0101ro dobumu veido\u0161anos, ko izraisa margin\u0101la nopl\u016bde.<\/li>\n<li>Lieliska l\u016bzuma iztur\u012bba, augsta stiepes un spiedes iztur\u012bba, kas nodro\u0161ina ilgsto\u0161u rezult\u0101tu.<\/li>\n<li>Optim\u0101la caursp\u012bd\u012bba, opalescence un fluorescence ar iev\u0113rojamu kr\u0101su stabilit\u0101ti.<\/li>\n<\/ul>\n<p><strong>Katr\u0101 kapsulu uzpildes pudel\u0113 ir: 20 x 0,25 g kapsulas<\/strong><\/p>\n<p><strong>Nokr\u0101sa A1<\/strong>: #A2001-1405<br \/>\n<strong>Nokr\u0101sa A2: #<\/strong>A2001-1401<br \/>\n<strong>A3 nokr\u0101sa: #<\/strong>A2001-1402<br \/>\n<strong>A3.5 nokr\u0101sa: #<\/strong>A2001-1403<br \/>\n<strong>Nokr\u0101sa B2: #<\/strong>A2001-1404<\/p>","protected":false},"excerpt":{"rendered":"<p align=\"left\"><strong>DiaFil\u2122<\/strong>\u00a0ir gaism\u0101 ciet\u0113jo\u0161s nanohibr\u012bda kompoz\u012bts. Izmantojot jaun\u0101k\u0101s nanoda\u013ci\u0146u tehnolo\u0123ijas, DiaFil maksim\u0101li palielina gan mikroaizpild\u012bta kompoz\u012bta est\u0113tisk\u0101s priek\u0161roc\u012bbas, gan hibr\u012bdkompoz\u012btu iztur\u012bbu un iztur\u012bbu. Tas rada skaistu un iztur\u012bgu restaur\u0101ciju, kas saglab\u0101 ilgsto\u0161u sp\u012bdumu. Pieejams gan \u0161\u013circ\u0113s, gan kapsul\u0101s.<\/p>\n<div align=\"left\"><\/div>","protected":false},"featured_media":4808,"template":"","meta":[],"product_brand":[90],"product_cat":[48,111],"product_tag":[],"class_list":{"0":"post-2552","1":"product","2":"type-product","3":"status-publish","4":"has-post-thumbnail","6":"product_brand-diadent","7":"product_cat-diadent","8":"product_cat-therapy","10":"first","11":"instock","12":"shipping-taxable","13":"purchasable","14":"product-type-simple"},"_links":{"self":[{"href":"https:\/\/goldberg.lv\/lv\/wp-json\/wp\/v2\/product\/2552","targetHints":{"allow":["GET"]}}],"collection":[{"href":"https:\/\/goldberg.lv\/lv\/wp-json\/wp\/v2\/product"}],"about":[{"href":"https:\/\/goldberg.lv\/lv\/wp-json\/wp\/v2\/types\/product"}],"wp:featuredmedia":[{"embeddable":true,"href":"https:\/\/goldberg.lv\/lv\/wp-json\/wp\/v2\/media\/4808"}],"wp:attachment":[{"href":"https:\/\/goldberg.lv\/lv\/wp-json\/wp\/v2\/media?parent=2552"}],"wp:term":[{"taxonomy":"product_brand","embeddable":true,"href":"https:\/\/goldberg.lv\/lv\/wp-json\/wp\/v2\/product_brand?post=2552"},{"taxonomy":"product_cat","embeddable":true,"href":"https:\/\/goldberg.lv\/lv\/wp-json\/wp\/v2\/product_cat?post=2552"},{"taxonomy":"product_tag","embeddable":true,"href":"https:\/\/goldberg.lv\/lv\/wp-json\/wp\/v2\/product_tag?post=2552"}],"curies":[{"name":"wp","href":"https:\/\/api.w.org\/{rel}","templated":true}]}}