{"id":2549,"date":"2025-11-03T14:51:33","date_gmt":"2025-11-03T11:51:33","guid":{"rendered":"https:\/\/goldberg.lv\/shop\/dia-gp-gauge\/"},"modified":"2026-04-15T17:44:59","modified_gmt":"2026-04-15T14:44:59","slug":"dia-gp-gauge","status":"publish","type":"product","link":"https:\/\/goldberg.lv\/lv\/shop\/dia-gp-gauge\/","title":{"rendered":"DIA-GP GAUGE"},"content":{"rendered":"<ul>\n<li>Izstr\u0101d\u0101ts, lai no jebkura gutaper\u010das punkta, izmantojot ISO urbtos caurumus, izveidotu perfektu galveno konusu.<\/li>\n<li>Izm\u0113riet gutaper\u010das punktu, neizmantojot laikietilp\u012bgas \u0161\u0137\u0113res, lai nodro\u0161in\u0101tu pareizu apik\u0101lo fit.<\/li>\n<li>Ielaidiet gutaper\u010das punktu v\u0113lamaj\u0101 apik\u0101l\u0101 izm\u0113ra caurum\u0101 un nogrieziet ar asmeni.<\/li>\n<li>Iek\u013cauts milimetru m\u0113r\u012bt\u0101js<\/li>\n<li>Izm\u0113ri: 92 x 3 x 20 mm (platums x augstums x dzi\u013cums)<\/li>\n<\/ul>","protected":false},"excerpt":{"rendered":"<p>Designed to size the perfect master cone from any gutta percha point using the ISO drilled holes Measure gutta percha<\/p>","protected":false},"featured_media":4827,"template":"","meta":[],"product_brand":[90],"product_cat":[48,113],"product_tag":[],"class_list":{"0":"post-2549","1":"product","2":"type-product","3":"status-publish","4":"has-post-thumbnail","6":"product_brand-diadent","7":"product_cat-diadent","8":"product_cat-endodontics","10":"first","11":"outofstock","12":"shipping-taxable","13":"purchasable","14":"product-type-simple"},"_links":{"self":[{"href":"https:\/\/goldberg.lv\/lv\/wp-json\/wp\/v2\/product\/2549","targetHints":{"allow":["GET"]}}],"collection":[{"href":"https:\/\/goldberg.lv\/lv\/wp-json\/wp\/v2\/product"}],"about":[{"href":"https:\/\/goldberg.lv\/lv\/wp-json\/wp\/v2\/types\/product"}],"wp:featuredmedia":[{"embeddable":true,"href":"https:\/\/goldberg.lv\/lv\/wp-json\/wp\/v2\/media\/4827"}],"wp:attachment":[{"href":"https:\/\/goldberg.lv\/lv\/wp-json\/wp\/v2\/media?parent=2549"}],"wp:term":[{"taxonomy":"product_brand","embeddable":true,"href":"https:\/\/goldberg.lv\/lv\/wp-json\/wp\/v2\/product_brand?post=2549"},{"taxonomy":"product_cat","embeddable":true,"href":"https:\/\/goldberg.lv\/lv\/wp-json\/wp\/v2\/product_cat?post=2549"},{"taxonomy":"product_tag","embeddable":true,"href":"https:\/\/goldberg.lv\/lv\/wp-json\/wp\/v2\/product_tag?post=2549"}],"curies":[{"name":"wp","href":"https:\/\/api.w.org\/{rel}","templated":true}]}}