{"id":2548,"date":"2025-11-03T14:51:32","date_gmt":"2025-11-03T11:51:32","guid":{"rendered":"https:\/\/goldberg.lv\/shop\/dia-endoring\/"},"modified":"2026-04-15T16:11:55","modified_gmt":"2026-04-15T13:11:55","slug":"dia-endoring","status":"publish","type":"product","link":"https:\/\/goldberg.lv\/lv\/shop\/dia-endoring\/","title":{"rendered":"DIA-ENDORING"},"content":{"rendered":"<p>Failu vai GP m\u0113rier\u012bce<\/p>\n<ul>\n<li>M\u0113rinstrumenti no 1 l\u012bdz 30 mm<\/li>\n<li>Vienk\u0101r\u0161s un praktisks dizains rokas un rot\u0113jo\u0161o z\u0101\u0123u m\u0113r\u012b\u0161anai<\/li>\n<li>Ar zeltu p\u0101rkl\u0101ts<\/li>\n<\/ul>","protected":false},"excerpt":{"rendered":"<p>Measuring device for File or GP Gauges from 1 to 30mm Simple &amp; practical design for measuring hand and rotary<\/p>","protected":false},"featured_media":4828,"template":"","meta":[],"product_brand":[90],"product_cat":[48,113],"product_tag":[],"class_list":{"0":"post-2548","1":"product","2":"type-product","3":"status-publish","4":"has-post-thumbnail","6":"product_brand-diadent","7":"product_cat-diadent","8":"product_cat-endodontics","10":"first","11":"instock","12":"shipping-taxable","13":"purchasable","14":"product-type-simple"},"_links":{"self":[{"href":"https:\/\/goldberg.lv\/lv\/wp-json\/wp\/v2\/product\/2548","targetHints":{"allow":["GET"]}}],"collection":[{"href":"https:\/\/goldberg.lv\/lv\/wp-json\/wp\/v2\/product"}],"about":[{"href":"https:\/\/goldberg.lv\/lv\/wp-json\/wp\/v2\/types\/product"}],"wp:featuredmedia":[{"embeddable":true,"href":"https:\/\/goldberg.lv\/lv\/wp-json\/wp\/v2\/media\/4828"}],"wp:attachment":[{"href":"https:\/\/goldberg.lv\/lv\/wp-json\/wp\/v2\/media?parent=2548"}],"wp:term":[{"taxonomy":"product_brand","embeddable":true,"href":"https:\/\/goldberg.lv\/lv\/wp-json\/wp\/v2\/product_brand?post=2548"},{"taxonomy":"product_cat","embeddable":true,"href":"https:\/\/goldberg.lv\/lv\/wp-json\/wp\/v2\/product_cat?post=2548"},{"taxonomy":"product_tag","embeddable":true,"href":"https:\/\/goldberg.lv\/lv\/wp-json\/wp\/v2\/product_tag?post=2548"}],"curies":[{"name":"wp","href":"https:\/\/api.w.org\/{rel}","templated":true}]}}