{"id":2547,"date":"2025-11-03T14:51:30","date_gmt":"2025-11-03T11:51:30","guid":{"rendered":"https:\/\/goldberg.lv\/shop\/dia-kondensor-asst-4pcs-blister\/"},"modified":"2026-04-15T17:44:58","modified_gmt":"2026-04-15T14:44:58","slug":"dia-kondensor-asst-4pcs-blister","status":"publish","type":"product","link":"https:\/\/goldberg.lv\/lv\/shop\/dia-kondensor-asst-4pcs-blister\/","title":{"rendered":"DIA-KONDENSOR ASST 4gab Blisteris"},"content":{"rendered":"<p><strong>FUNKCIJAS<\/strong><br \/>\n- Divpus\u0113js: Tit\u0101na ni\u0137e\u013ca un ner\u016bs\u0113jo\u0161\u0101 t\u0113rauda<br \/>\n- ISO izm\u0113rs: sader\u012bgs ar ISO standarta failiem un obtur\u0101cijas materi\u0101liem.<br \/>\n- Iztur\u012bga un viegla konstrukcija, kas samazina roku nogurumu<br \/>\n- Ergonomisks dizains ar iegremd\u0113tu pirkstu paliktni<br \/>\n- Ar kr\u0101su kod\u0113ts uzgalis \u0101trai un vieglai identifik\u0101cijai<br \/>\n- Mar\u0137\u0113jumi uz uzga\u013ca, kas nor\u0101da celulozes garumu<br \/>\n- Pak\u0101penisks .02 konusveida sa\u0161aurin\u0101jums, lai uzlabotu taktil\u0101s atgriezenisk\u0101s saites un nov\u0113rstu sak\u0146u l\u016bzumu.<br \/>\n- NiTi galam ir iek\u013cauts Endo stops<\/p>","protected":false},"excerpt":{"rendered":"<p>FEATURES \u2022 Double-ended: Nickel Titanium and Stainless Steel \u2022 ISO sized: compatible with ISO standard files and obturation material \u2022<\/p>","protected":false},"featured_media":4760,"template":"","meta":[],"product_brand":[90],"product_cat":[48,113],"product_tag":[],"class_list":{"0":"post-2547","1":"product","2":"type-product","3":"status-publish","4":"has-post-thumbnail","6":"product_brand-diadent","7":"product_cat-diadent","8":"product_cat-endodontics","10":"first","11":"outofstock","12":"shipping-taxable","13":"purchasable","14":"product-type-simple"},"_links":{"self":[{"href":"https:\/\/goldberg.lv\/lv\/wp-json\/wp\/v2\/product\/2547","targetHints":{"allow":["GET"]}}],"collection":[{"href":"https:\/\/goldberg.lv\/lv\/wp-json\/wp\/v2\/product"}],"about":[{"href":"https:\/\/goldberg.lv\/lv\/wp-json\/wp\/v2\/types\/product"}],"wp:featuredmedia":[{"embeddable":true,"href":"https:\/\/goldberg.lv\/lv\/wp-json\/wp\/v2\/media\/4760"}],"wp:attachment":[{"href":"https:\/\/goldberg.lv\/lv\/wp-json\/wp\/v2\/media?parent=2547"}],"wp:term":[{"taxonomy":"product_brand","embeddable":true,"href":"https:\/\/goldberg.lv\/lv\/wp-json\/wp\/v2\/product_brand?post=2547"},{"taxonomy":"product_cat","embeddable":true,"href":"https:\/\/goldberg.lv\/lv\/wp-json\/wp\/v2\/product_cat?post=2547"},{"taxonomy":"product_tag","embeddable":true,"href":"https:\/\/goldberg.lv\/lv\/wp-json\/wp\/v2\/product_tag?post=2547"}],"curies":[{"name":"wp","href":"https:\/\/api.w.org\/{rel}","templated":true}]}}