{"id":2546,"date":"2025-11-03T14:51:29","date_gmt":"2025-11-03T11:51:29","guid":{"rendered":"https:\/\/goldberg.lv\/shop\/diadent-irrigation-tips-100-pcs\/"},"modified":"2026-04-15T17:44:58","modified_gmt":"2026-04-15T14:44:58","slug":"diadent-irrigation-tips-100-pcs","status":"publish","type":"product","link":"https:\/\/goldberg.lv\/lv\/shop\/diadent-irrigation-tips-100-pcs\/","title":{"rendered":"DiaDent IRRIGATION TIPS 100 gab."},"content":{"rendered":"<ul>\n<li>Vienreizlietojamie endodontiskie un periodonta irig\u0101cijas uzga\u013ci<\/li>\n<li>Izmantojiet ar Lure Lock \u0161\u013circ\u0113m.<\/li>\n<li>R\u016bp\u012bgi ap\u016bde\u0146ojiet sak\u0146u kan\u0101lu prepar\u0101tus.<\/li>\n<li>Apa\u013cais gala uzgalis var nov\u0113rst sekund\u0101rus ievainojumus lieto\u0161anas laik\u0101.<\/li>\n<li>Pla\u0161\u0101kais padomu kl\u0101sts: 6 izm\u0113ri no 18G l\u012bdz 27G.<\/li>\n<\/ul>","protected":false},"excerpt":{"rendered":"<p>Disposable Endodontic &amp; Periodontal Irrigation tips Use with Lure Lock Syringes. Thoroughly irrigate root canal preparations. Round end tip can<\/p>","protected":false},"featured_media":4795,"template":"","meta":[],"product_brand":[90],"product_cat":[48,116,113],"product_tag":[],"class_list":{"0":"post-2546","1":"product","2":"type-product","3":"status-publish","4":"has-post-thumbnail","6":"product_brand-diadent","7":"product_cat-diadent","8":"product_cat-disposable-materials","9":"product_cat-endodontics","11":"first","12":"instock","13":"shipping-taxable","14":"purchasable","15":"product-type-simple"},"_links":{"self":[{"href":"https:\/\/goldberg.lv\/lv\/wp-json\/wp\/v2\/product\/2546","targetHints":{"allow":["GET"]}}],"collection":[{"href":"https:\/\/goldberg.lv\/lv\/wp-json\/wp\/v2\/product"}],"about":[{"href":"https:\/\/goldberg.lv\/lv\/wp-json\/wp\/v2\/types\/product"}],"wp:featuredmedia":[{"embeddable":true,"href":"https:\/\/goldberg.lv\/lv\/wp-json\/wp\/v2\/media\/4795"}],"wp:attachment":[{"href":"https:\/\/goldberg.lv\/lv\/wp-json\/wp\/v2\/media?parent=2546"}],"wp:term":[{"taxonomy":"product_brand","embeddable":true,"href":"https:\/\/goldberg.lv\/lv\/wp-json\/wp\/v2\/product_brand?post=2546"},{"taxonomy":"product_cat","embeddable":true,"href":"https:\/\/goldberg.lv\/lv\/wp-json\/wp\/v2\/product_cat?post=2546"},{"taxonomy":"product_tag","embeddable":true,"href":"https:\/\/goldberg.lv\/lv\/wp-json\/wp\/v2\/product_tag?post=2546"}],"curies":[{"name":"wp","href":"https:\/\/api.w.org\/{rel}","templated":true}]}}