{"id":2544,"date":"2025-11-03T14:51:27","date_gmt":"2025-11-03T11:51:27","guid":{"rendered":"https:\/\/goldberg.lv\/shop\/diaprep-pro-2-syringes-of-6-g-10-disposable-tips\/"},"modified":"2026-04-15T17:44:57","modified_gmt":"2026-04-15T14:44:57","slug":"diaprep-pro-2-syringes-of-6-g-10-disposable-tips","status":"publish","type":"product","link":"https:\/\/goldberg.lv\/lv\/shop\/diaprep-pro-2-syringes-of-6-g-10-disposable-tips\/","title":{"rendered":"DIAPREP Pro 2 \u0161\u013circes pa 6 g 10 vienreizlietojamie uzga\u013ci"},"content":{"rendered":"<p>Dia-Prep Pro ir EDTA kr\u0113ms sak\u0146u kan\u0101lu sagatavo\u0161anai<\/p>\n<p align=\"left\"><strong>INDIK\u0100CIJAS:<br \/>\n<\/strong>(lietot kop\u0101 ar n\u0101trija hipohlor\u012btu)<\/p>\n<div align=\"left\">\n<ul>\n<li>Sak\u0146u kan\u0101la atdal\u012b\u0161ana<\/li>\n<li>Celulozes atlieku iz\u0161\u0137\u012bdin\u0101\u0161ana<\/li>\n<li>Izsm\u0113r\u0113jam\u0101 sl\u0101\u0146a no\u0146em\u0161ana<\/li>\n<li>Vieglas kan\u0101lu instrumentu kust\u012bbas<\/li>\n<li>Mikrobic\u012bda apstr\u0101de kan\u0101l\u0101<\/li>\n<li>dent\u012bna kan\u0101li\u0146u un apik\u0101l\u0101s zonas att\u012br\u012b\u0161ana<\/li>\n<\/ul>\n<\/div>\n<p align=\"left\"><strong>IEGUVUMI UN EFEKTIVIT\u0100TE<\/strong>:<\/p>\n<div align=\"left\">\n<ul>\n<li>EDTA no\u0146em sm\u0113rvielu sl\u0101ni, m\u012bkstina dent\u012bnu un atvieglo kalcific\u0113tu obstrukciju no\u0146em\u0161anu.<\/li>\n<li>Ur\u012bnvielas \u016bde\u0146ra\u017ea peroks\u012bds rea\u0123\u0113 ar n\u0101trija hipohlor\u012btu, radot sk\u0101bek\u013ca burbu\u013cus, kas izskalo kan\u0101l\u0101 eso\u0161os gru\u017eus.<\/li>\n<li>E\u013c\u013cojo\u0161\u0101 vide atvieglo instrumenta kust\u012bbu kan\u0101l\u0101, lai nov\u0113rstu instrumenta sasaist\u012b\u0161anos vai l\u016bzumus.<\/li>\n<li>Neaizsprostoti dent\u012bna kan\u0101li\u0146i un apik\u0101l\u0101 zona \u013cauj lab\u0101k iek\u013c\u016bt sak\u0146u kan\u0101lu medikamentiem un plomb\u0101m.<\/li>\n<li>\u0100tra kan\u0101lu t\u012br\u012b\u0161ana un papla\u0161in\u0101\u0161ana, jo EDTA m\u012bkstina kan\u0101lu sieni\u0146as un likvid\u0113 kalcija nogulsnes.<\/li>\n<li>EDTA pastu ir viegl\u0101k ievietot kan\u0101los nek\u0101 EDTA \u0161\u0137idro \u0161\u0137\u012bdumu.<\/li>\n<\/ul>\n<p><strong>SAST\u0100VS:<\/strong><\/p>\n<\/div>\n<ul>\n<li>Etil\u0113ndiam\u012bntetraeti\u0137sk\u0101be (EDTA) 17%<\/li>\n<li>Ur\u012bnvielas peroks\u012bds 3.5%<\/li>\n<li>Polipropil\u0113na glikols un polietil\u0113nglikols<\/li>\n<\/ul>","protected":false},"excerpt":{"rendered":"<h1 class=\"h2\">\u00a0(EDTA kr\u0113ms)<\/h1>","protected":false},"featured_media":4799,"template":"","meta":[],"product_brand":[90],"product_cat":[48,113],"product_tag":[],"class_list":{"0":"post-2544","1":"product","2":"type-product","3":"status-publish","4":"has-post-thumbnail","6":"product_brand-diadent","7":"product_cat-diadent","8":"product_cat-endodontics","10":"first","11":"instock","12":"shipping-taxable","13":"purchasable","14":"product-type-simple"},"_links":{"self":[{"href":"https:\/\/goldberg.lv\/lv\/wp-json\/wp\/v2\/product\/2544","targetHints":{"allow":["GET"]}}],"collection":[{"href":"https:\/\/goldberg.lv\/lv\/wp-json\/wp\/v2\/product"}],"about":[{"href":"https:\/\/goldberg.lv\/lv\/wp-json\/wp\/v2\/types\/product"}],"wp:featuredmedia":[{"embeddable":true,"href":"https:\/\/goldberg.lv\/lv\/wp-json\/wp\/v2\/media\/4799"}],"wp:attachment":[{"href":"https:\/\/goldberg.lv\/lv\/wp-json\/wp\/v2\/media?parent=2544"}],"wp:term":[{"taxonomy":"product_brand","embeddable":true,"href":"https:\/\/goldberg.lv\/lv\/wp-json\/wp\/v2\/product_brand?post=2544"},{"taxonomy":"product_cat","embeddable":true,"href":"https:\/\/goldberg.lv\/lv\/wp-json\/wp\/v2\/product_cat?post=2544"},{"taxonomy":"product_tag","embeddable":true,"href":"https:\/\/goldberg.lv\/lv\/wp-json\/wp\/v2\/product_tag?post=2544"}],"curies":[{"name":"wp","href":"https:\/\/api.w.org\/{rel}","templated":true}]}}