{"id":2541,"date":"2025-11-03T14:51:22","date_gmt":"2025-11-03T11:51:22","guid":{"rendered":"https:\/\/goldberg.lv\/shop\/diadent-e-temp\/"},"modified":"2026-04-15T17:44:55","modified_gmt":"2026-04-15T14:44:55","slug":"diadent-e-temp","status":"publish","type":"product","link":"https:\/\/goldberg.lv\/lv\/shop\/diadent-e-temp\/","title":{"rendered":"Diadent E-Temp"},"content":{"rendered":"<p align=\"left\"><strong>INDIK\u0100CIJAS:<\/strong><\/p>\n<div align=\"left\">\n<ul>\n<li>Pagaidu restaur\u0101cijas - jo \u012bpa\u0161i inkrust\u0101ciju restaur\u0101cijas<\/li>\n<li>Pagaidu aizpild\u012b\u0161ana un bl\u012bv\u0113\u0161ana<\/li>\n<li>Implantu vietu pagaidu aizpild\u012b\u0161ana<\/li>\n<\/ul>\n<\/div>\n<p align=\"left\"><strong>IEZ\u012aMES:<\/strong><\/p>\n<div align=\"left\">\n<ul>\n<li>Piel\u012bp pie dent\u012bna, saciet\u0113\u0161anas laik\u0101 nedaudz papla\u0161in\u0101s un<br \/>\n\u0101tri saciet\u0113, lai nodro\u0161in\u0101tu herm\u0113tisku herm\u0113tiskumu.<\/li>\n<li>Uzlabotas meh\u0101nisk\u0101s \u012bpa\u0161\u012bbas \u0101trai pagaidu aizpild\u012b\u0161anai<\/li>\n<li>Ar mitruma aktiviz\u0113\u0161anu: nost\u0101jas 25 min\u016b\u0161u laik\u0101 vai \u012bs\u0101k\u0101 laik\u0101.<\/li>\n<li>Satur cinka oks\u012bdu un kalcija sulf\u0101tu<\/li>\n<li>Lieliska piel\u0101go\u0161an\u0101s sp\u0113ja<\/li>\n<li>Viegli no\u0146emams<\/li>\n<\/ul>\n<\/div>","protected":false},"excerpt":{"rendered":"<h1 class=\"h2 sub-title-pro\">Hidrauliskais pagaidu atjaunojo\u0161ais materi\u0101ls<\/h1>\n<p>e-Temp ir pagaidu plomb\u0113\u0161anas materi\u0101ls standarta dobumu aizpild\u012b\u0161anai un p\u0113cendodontiskai \u0101rst\u0113\u0161anai.<\/p>","protected":false},"featured_media":4804,"template":"","meta":[],"product_brand":[90],"product_cat":[48,111],"product_tag":[],"class_list":{"0":"post-2541","1":"product","2":"type-product","3":"status-publish","4":"has-post-thumbnail","6":"product_brand-diadent","7":"product_cat-diadent","8":"product_cat-therapy","10":"first","11":"instock","12":"shipping-taxable","13":"purchasable","14":"product-type-simple"},"_links":{"self":[{"href":"https:\/\/goldberg.lv\/lv\/wp-json\/wp\/v2\/product\/2541","targetHints":{"allow":["GET"]}}],"collection":[{"href":"https:\/\/goldberg.lv\/lv\/wp-json\/wp\/v2\/product"}],"about":[{"href":"https:\/\/goldberg.lv\/lv\/wp-json\/wp\/v2\/types\/product"}],"wp:featuredmedia":[{"embeddable":true,"href":"https:\/\/goldberg.lv\/lv\/wp-json\/wp\/v2\/media\/4804"}],"wp:attachment":[{"href":"https:\/\/goldberg.lv\/lv\/wp-json\/wp\/v2\/media?parent=2541"}],"wp:term":[{"taxonomy":"product_brand","embeddable":true,"href":"https:\/\/goldberg.lv\/lv\/wp-json\/wp\/v2\/product_brand?post=2541"},{"taxonomy":"product_cat","embeddable":true,"href":"https:\/\/goldberg.lv\/lv\/wp-json\/wp\/v2\/product_cat?post=2541"},{"taxonomy":"product_tag","embeddable":true,"href":"https:\/\/goldberg.lv\/lv\/wp-json\/wp\/v2\/product_tag?post=2541"}],"curies":[{"name":"wp","href":"https:\/\/api.w.org\/{rel}","templated":true}]}}