{"id":2540,"date":"2025-11-03T14:51:20","date_gmt":"2025-11-03T11:51:20","guid":{"rendered":"https:\/\/goldberg.lv\/shop\/diatemp-yellow3g3-syringes\/"},"modified":"2026-04-15T17:44:55","modified_gmt":"2026-04-15T14:44:55","slug":"diatemp-yellow3g3-syringes","status":"publish","type":"product","link":"https:\/\/goldberg.lv\/lv\/shop\/diatemp-yellow3g3-syringes\/","title":{"rendered":"DIATEMP DZELTENS (3g*3 \u0161\u013circes)"},"content":{"rendered":"<p align=\"left\"><strong>INDIK\u0100CIJAS<br \/>\n<\/strong><\/p>\n<ul>\n<li>Pagaidu un starpposma restaur\u0101cijas inleju un onleju izgatavo\u0161anai<\/li>\n<li>Saliekamo kro\u0146u un tiltu p\u0101rkl\u0101\u0161ana<\/li>\n<li>Implantu skr\u016bvju piek\u013cuves atveru bl\u012bv\u0113\u0161ana<\/li>\n<\/ul>\n<div align=\"left\">\n<p><strong>FUNKCIJAS<\/strong><\/p>\n<ul>\n<li>Viegla lieto\u0161ana: \u0112rta doz\u0113\u0161anas sist\u0113ma ar \u0161\u013circi bez sajauk\u0161anas.<\/li>\n<li>Elast\u012bgs un viegli lietojams<\/li>\n<li>\u0100tra un vienk\u0101r\u0161a no\u0146em\u0161ana vien\u0101 gabal\u0101<\/li>\n<li>Augsta nodilumiztur\u012bba ar izcilu meh\u0101nisko iztur\u012bbu<\/li>\n<li>Nostiprina \u0101tri un nodro\u0161ina izcilu sa\u0137eri<\/li>\n<li>Bez smar\u017eas, lai nodro\u0161in\u0101tu pacienta komfortu<\/li>\n<li>Pieejami div\u0101s kr\u0101s\u0101s: Dzeltenais ir ide\u0101li piem\u0113rots priek\u0161\u0113jiem zobiem, bet zilais - aizmugur\u0113jiem zobiem.<\/li>\n<li>Laba caursp\u012bd\u012bba: tuva dabiskai zobu kr\u0101sai (dzeltena)<\/li>\n<\/ul>\n<\/div>","protected":false},"excerpt":{"rendered":"<p><strong>DiaTemp<\/strong>\u00a0ir augstas viskozit\u0101tes gaism\u0101 saciet\u0113jo\u0161s restaur\u0101cijas materi\u0101ls pagaidu un starpposma restaur\u0101cij\u0101m, kas paredz\u0113ts inleju un onleju izgatavo\u0161anai. To var izmantot ar\u012b saliekamo kro\u0146u un tiltu profilaksei vai implantu skr\u016bvju kan\u0101lu bl\u012bv\u0113\u0161anai.<\/p>","protected":false},"featured_media":4810,"template":"","meta":[],"product_brand":[90],"product_cat":[48,111],"product_tag":[],"class_list":{"0":"post-2540","1":"product","2":"type-product","3":"status-publish","4":"has-post-thumbnail","6":"product_brand-diadent","7":"product_cat-diadent","8":"product_cat-therapy","10":"first","11":"instock","12":"shipping-taxable","13":"purchasable","14":"product-type-simple"},"_links":{"self":[{"href":"https:\/\/goldberg.lv\/lv\/wp-json\/wp\/v2\/product\/2540","targetHints":{"allow":["GET"]}}],"collection":[{"href":"https:\/\/goldberg.lv\/lv\/wp-json\/wp\/v2\/product"}],"about":[{"href":"https:\/\/goldberg.lv\/lv\/wp-json\/wp\/v2\/types\/product"}],"wp:featuredmedia":[{"embeddable":true,"href":"https:\/\/goldberg.lv\/lv\/wp-json\/wp\/v2\/media\/4810"}],"wp:attachment":[{"href":"https:\/\/goldberg.lv\/lv\/wp-json\/wp\/v2\/media?parent=2540"}],"wp:term":[{"taxonomy":"product_brand","embeddable":true,"href":"https:\/\/goldberg.lv\/lv\/wp-json\/wp\/v2\/product_brand?post=2540"},{"taxonomy":"product_cat","embeddable":true,"href":"https:\/\/goldberg.lv\/lv\/wp-json\/wp\/v2\/product_cat?post=2540"},{"taxonomy":"product_tag","embeddable":true,"href":"https:\/\/goldberg.lv\/lv\/wp-json\/wp\/v2\/product_tag?post=2540"}],"curies":[{"name":"wp","href":"https:\/\/api.w.org\/{rel}","templated":true}]}}