{"id":2537,"date":"2025-11-03T14:51:16","date_gmt":"2025-11-03T11:51:16","guid":{"rendered":"https:\/\/goldberg.lv\/shop\/dia-proseal-16g\/"},"modified":"2026-04-15T17:44:54","modified_gmt":"2026-04-15T14:44:54","slug":"dia-proseal-16g","status":"publish","type":"product","link":"https:\/\/goldberg.lv\/lv\/shop\/dia-proseal-16g\/","title":{"rendered":"DIA-PROSEAL 16g"},"content":{"rendered":"<p align=\"left\"><strong>PRIEK\u0160ROC\u012aBAS:<\/strong><\/p>\n<div align=\"left\">\n<ul>\n<li>Lieliska bl\u012bv\u0113\u0161anas sp\u0113ja ar zemu sarau\u0161an\u0101s pak\u0101pi<\/li>\n<li>Augsta sa\u0137ere ar gutapercu un dent\u012bnu<\/li>\n<li>Izcilas pl\u016bsmas \u012bpa\u0161\u012bbas \u013cauj materi\u0101lam sasniegt un aiztais\u012bt s\u0101nu kan\u0101lus.<\/li>\n<li>Izmantojot kalcija hidroks\u012bdu, Dia-ProSeal piem\u012bt izcila pretmikrobu iedarb\u012bba.<\/li>\n<li>\u0100tra un vienk\u0101r\u0161a sagatavo\u0161ana bez materi\u0101la iz\u0161\u0137\u0113rd\u0113\u0161anas: 1:1 attiec\u012bba<\/li>\n<li>Zema \u0161\u0137\u012bd\u012bba: iztur\u012bgs pret materi\u0101lu sadal\u012b\u0161anos laika gait\u0101 ar ilgtermi\u0146a izm\u0113ru stabilit\u0101ti.<\/li>\n<li>Augsta biolo\u0123isk\u0101 sader\u012bba<\/li>\n<li>Lieliska radiopacit\u0101te un konsistence<\/li>\n<li>Iestat\u012b\u0161anas laiks: 3-4 stundu laik\u0101<\/li>\n<\/ul>\n<\/div>","protected":false},"excerpt":{"rendered":"<p><strong>Dia-ProSeal Root Canal Sealer ir divkomponentu sist\u0113ma uz epoks\u012bdsve\u0137u b\u0101zes.<\/strong><\/p>","protected":false},"featured_media":4806,"template":"","meta":[],"product_brand":[90],"product_cat":[48,113],"product_tag":[],"class_list":{"0":"post-2537","1":"product","2":"type-product","3":"status-publish","4":"has-post-thumbnail","6":"product_brand-diadent","7":"product_cat-diadent","8":"product_cat-endodontics","10":"first","11":"instock","12":"shipping-taxable","13":"purchasable","14":"product-type-simple"},"_links":{"self":[{"href":"https:\/\/goldberg.lv\/lv\/wp-json\/wp\/v2\/product\/2537","targetHints":{"allow":["GET"]}}],"collection":[{"href":"https:\/\/goldberg.lv\/lv\/wp-json\/wp\/v2\/product"}],"about":[{"href":"https:\/\/goldberg.lv\/lv\/wp-json\/wp\/v2\/types\/product"}],"wp:featuredmedia":[{"embeddable":true,"href":"https:\/\/goldberg.lv\/lv\/wp-json\/wp\/v2\/media\/4806"}],"wp:attachment":[{"href":"https:\/\/goldberg.lv\/lv\/wp-json\/wp\/v2\/media?parent=2537"}],"wp:term":[{"taxonomy":"product_brand","embeddable":true,"href":"https:\/\/goldberg.lv\/lv\/wp-json\/wp\/v2\/product_brand?post=2537"},{"taxonomy":"product_cat","embeddable":true,"href":"https:\/\/goldberg.lv\/lv\/wp-json\/wp\/v2\/product_cat?post=2537"},{"taxonomy":"product_tag","embeddable":true,"href":"https:\/\/goldberg.lv\/lv\/wp-json\/wp\/v2\/product_tag?post=2537"}],"curies":[{"name":"wp","href":"https:\/\/api.w.org\/{rel}","templated":true}]}}