{"id":2535,"date":"2025-11-03T14:51:13","date_gmt":"2025-11-03T11:51:13","guid":{"rendered":"https:\/\/goldberg.lv\/shop\/diadent-paper-points-mmpp-dia-pro-w-gold\/"},"modified":"2026-04-15T17:44:53","modified_gmt":"2026-04-15T14:44:53","slug":"diadent-paper-points-mmpp-dia-pro-w-gold","status":"publish","type":"product","link":"https:\/\/goldberg.lv\/lv\/shop\/diadent-paper-points-mmpp-dia-pro-w-gold\/","title":{"rendered":"DiaDent pap\u012bra punkti MMPP DIA-Pro-W Gold"},"content":{"rendered":"<p><strong>Dia-Pro W GOLD pap\u012bra uzgalis<\/strong>\u00a0papildina:<br \/>\nWaveOne\u00ae GOLD, EdgeOne\u2122 Fire, EdgeOne\u2122 Platinum, ESR\u2122.<\/p>\n<p>\u0160iem punktiem ir milimetru mar\u0137\u0113jums, un tie ir iesai\u0146oti \u0113rt\u0101, ar vienu roku atveram\u0101 iepakojum\u0101. Punktiem ir milimetru mar\u0137\u0113jums, lai sniegtu provizoriskas nor\u0101des sak\u0146u kan\u0101la dzi\u013cuma m\u0113r\u012b\u0161anai pirms kl\u012bniski turpin\u0101t gutaper\u010das punktu lieto\u0161anu.<\/p>","protected":false},"excerpt":{"rendered":"<p>Dia-Pro W GOLD Paper Point\u00a0complements: WaveOne\u00ae GOLD, EdgeOne&#x2122; Fire, EdgeOne&#x2122; Platinum, ESR&#x2122;. These points are millimeter-marked and are packaged in<\/p>","protected":false},"featured_media":4811,"template":"","meta":[],"product_brand":[90],"product_cat":[48,113],"product_tag":[],"class_list":{"0":"post-2535","1":"product","2":"type-product","3":"status-publish","4":"has-post-thumbnail","6":"product_brand-diadent","7":"product_cat-diadent","8":"product_cat-endodontics","10":"first","11":"instock","12":"shipping-taxable","13":"purchasable","14":"product-type-simple"},"_links":{"self":[{"href":"https:\/\/goldberg.lv\/lv\/wp-json\/wp\/v2\/product\/2535","targetHints":{"allow":["GET"]}}],"collection":[{"href":"https:\/\/goldberg.lv\/lv\/wp-json\/wp\/v2\/product"}],"about":[{"href":"https:\/\/goldberg.lv\/lv\/wp-json\/wp\/v2\/types\/product"}],"wp:featuredmedia":[{"embeddable":true,"href":"https:\/\/goldberg.lv\/lv\/wp-json\/wp\/v2\/media\/4811"}],"wp:attachment":[{"href":"https:\/\/goldberg.lv\/lv\/wp-json\/wp\/v2\/media?parent=2535"}],"wp:term":[{"taxonomy":"product_brand","embeddable":true,"href":"https:\/\/goldberg.lv\/lv\/wp-json\/wp\/v2\/product_brand?post=2535"},{"taxonomy":"product_cat","embeddable":true,"href":"https:\/\/goldberg.lv\/lv\/wp-json\/wp\/v2\/product_cat?post=2535"},{"taxonomy":"product_tag","embeddable":true,"href":"https:\/\/goldberg.lv\/lv\/wp-json\/wp\/v2\/product_tag?post=2535"}],"curies":[{"name":"wp","href":"https:\/\/api.w.org\/{rel}","templated":true}]}}