{"id":2533,"date":"2025-11-03T14:51:10","date_gmt":"2025-11-03T11:51:10","guid":{"rendered":"https:\/\/goldberg.lv\/shop\/diadent-paper-points-mmpp-dia-pro-r\/"},"modified":"2026-04-15T16:11:47","modified_gmt":"2026-04-15T13:11:47","slug":"diadent-paper-points-mmpp-dia-pro-r","status":"publish","type":"product","link":"https:\/\/goldberg.lv\/lv\/shop\/diadent-paper-points-mmpp-dia-pro-r\/","title":{"rendered":"DiaDent pap\u012bra punkti MMPP DIA-Pro-R"},"content":{"rendered":"<p><strong>\u00a0Reciproc\u00ae faili<\/strong><\/p>\n<p>&nbsp;<\/p>\n<ul>\n<li>Ar milimetru mar\u0137\u0113jums<\/li>\n<li>Garums = 28 mm +\/- 1<\/li>\n<li>Jauns iepakojums! Ar vienu roku atverams v\u0101ks<\/li>\n<li>Kr\u0101su kodi un l\u0101zera p\u0101rbaude<\/li>\n<\/ul>","protected":false},"excerpt":{"rendered":"<h1 class=\"product-title\"><strong>(Reciproc)<\/strong><\/h1>","protected":false},"featured_media":4815,"template":"","meta":[],"product_brand":[90],"product_cat":[48,113],"product_tag":[],"class_list":{"0":"post-2533","1":"product","2":"type-product","3":"status-publish","4":"has-post-thumbnail","6":"product_brand-diadent","7":"product_cat-diadent","8":"product_cat-endodontics","10":"first","11":"instock","12":"shipping-taxable","13":"purchasable","14":"product-type-simple"},"_links":{"self":[{"href":"https:\/\/goldberg.lv\/lv\/wp-json\/wp\/v2\/product\/2533","targetHints":{"allow":["GET"]}}],"collection":[{"href":"https:\/\/goldberg.lv\/lv\/wp-json\/wp\/v2\/product"}],"about":[{"href":"https:\/\/goldberg.lv\/lv\/wp-json\/wp\/v2\/types\/product"}],"wp:featuredmedia":[{"embeddable":true,"href":"https:\/\/goldberg.lv\/lv\/wp-json\/wp\/v2\/media\/4815"}],"wp:attachment":[{"href":"https:\/\/goldberg.lv\/lv\/wp-json\/wp\/v2\/media?parent=2533"}],"wp:term":[{"taxonomy":"product_brand","embeddable":true,"href":"https:\/\/goldberg.lv\/lv\/wp-json\/wp\/v2\/product_brand?post=2533"},{"taxonomy":"product_cat","embeddable":true,"href":"https:\/\/goldberg.lv\/lv\/wp-json\/wp\/v2\/product_cat?post=2533"},{"taxonomy":"product_tag","embeddable":true,"href":"https:\/\/goldberg.lv\/lv\/wp-json\/wp\/v2\/product_tag?post=2533"}],"curies":[{"name":"wp","href":"https:\/\/api.w.org\/{rel}","templated":true}]}}