{"id":2531,"date":"2025-11-03T14:51:08","date_gmt":"2025-11-03T11:51:08","guid":{"rendered":"https:\/\/goldberg.lv\/shop\/diadent-paper-points-mmpp-dia-pro-t\/"},"modified":"2026-04-15T17:44:52","modified_gmt":"2026-04-15T14:44:52","slug":"diadent-paper-points-mmpp-dia-pro-t","status":"publish","type":"product","link":"https:\/\/goldberg.lv\/lv\/shop\/diadent-paper-points-mmpp-dia-pro-t\/","title":{"rendered":"DiaDent pap\u012bra punkti MMPP DIA-PRO-T"},"content":{"rendered":"<p><strong>Dia-ProT pap\u012bra punkts<\/strong>\u00a0papildina:<br \/>\nDia-X\u2122 faili, ProTaper\u00ae faili, EdgeTaper\u2122.<\/p>\n<p>\u0160iem punktiem ir milimetru mar\u0137\u0113jums, un tie ir iesai\u0146oti \u0113rt\u0101, ar vienu roku atveram\u0101 iepakojum\u0101. Ar milimetru mar\u0137\u0113ti punkti nodro\u0161ina s\u0101kotn\u0113jas nor\u0101des sak\u0146u kan\u0101la dzi\u013cuma m\u0113r\u012b\u0161anai pirms kl\u012bniski turpin\u0101t gutaper\u010das punktu lieto\u0161anu.<\/p>","protected":false},"excerpt":{"rendered":"<p>Dia-ProT Paper Point\u00a0complements: Dia-X&#x2122; Files, ProTaper\u00ae Files, EdgeTaper&#x2122;. These points are millimeter-marked and are packaged in a convenient one-hand sliding-open<\/p>","protected":false},"featured_media":4819,"template":"","meta":[],"product_brand":[90],"product_cat":[48,113],"product_tag":[],"class_list":{"0":"post-2531","1":"product","2":"type-product","3":"status-publish","4":"has-post-thumbnail","6":"product_brand-diadent","7":"product_cat-diadent","8":"product_cat-endodontics","10":"first","11":"instock","12":"shipping-taxable","13":"purchasable","14":"product-type-simple"},"_links":{"self":[{"href":"https:\/\/goldberg.lv\/lv\/wp-json\/wp\/v2\/product\/2531","targetHints":{"allow":["GET"]}}],"collection":[{"href":"https:\/\/goldberg.lv\/lv\/wp-json\/wp\/v2\/product"}],"about":[{"href":"https:\/\/goldberg.lv\/lv\/wp-json\/wp\/v2\/types\/product"}],"wp:featuredmedia":[{"embeddable":true,"href":"https:\/\/goldberg.lv\/lv\/wp-json\/wp\/v2\/media\/4819"}],"wp:attachment":[{"href":"https:\/\/goldberg.lv\/lv\/wp-json\/wp\/v2\/media?parent=2531"}],"wp:term":[{"taxonomy":"product_brand","embeddable":true,"href":"https:\/\/goldberg.lv\/lv\/wp-json\/wp\/v2\/product_brand?post=2531"},{"taxonomy":"product_cat","embeddable":true,"href":"https:\/\/goldberg.lv\/lv\/wp-json\/wp\/v2\/product_cat?post=2531"},{"taxonomy":"product_tag","embeddable":true,"href":"https:\/\/goldberg.lv\/lv\/wp-json\/wp\/v2\/product_tag?post=2531"}],"curies":[{"name":"wp","href":"https:\/\/api.w.org\/{rel}","templated":true}]}}