{"id":2525,"date":"2025-11-03T14:50:58","date_gmt":"2025-11-03T11:50:58","guid":{"rendered":"https:\/\/goldberg.lv\/shop\/diadent-gutta-percha-points-dia-pro-w-gold\/"},"modified":"2026-04-15T17:44:50","modified_gmt":"2026-04-15T14:44:50","slug":"diadent-gutta-percha-points-dia-pro-w-gold","status":"publish","type":"product","link":"https:\/\/goldberg.lv\/lv\/shop\/diadent-gutta-percha-points-dia-pro-w-gold\/","title":{"rendered":"DiaDent Gutta Percha punkti DIA-Pro-W zelts"},"content":{"rendered":"<p><strong>Dia-Pro W GOLD<\/strong>\u00a0<strong>Gutta Percha<\/strong>\u00a0papildina:<br \/>\nWaveOne\u00ae GOLD, EdgeOne\u2122 Fire, EdgeOne\u2122 Platinum, ESR\u2122. \u0160iem punktiem ir milimetru mar\u0137\u0113jums, un tie ir iepakoti \u0113rt\u0101, ar vienu roku atveram\u0101 iepakojum\u0101.<\/p>","protected":false},"excerpt":{"rendered":"<p>Dia-Pro W GOLD\u00a0Gutta Percha\u00a0complements: WaveOne\u00ae GOLD, EdgeOne&#x2122; Fire, EdgeOne&#x2122; Platinum, ESR&#x2122;.\u00a0These points are millimeter-marked and are packaged in a convenient<\/p>","protected":false},"featured_media":4825,"template":"","meta":[],"product_brand":[90],"product_cat":[48,113],"product_tag":[],"class_list":{"0":"post-2525","1":"product","2":"type-product","3":"status-publish","4":"has-post-thumbnail","6":"product_brand-diadent","7":"product_cat-diadent","8":"product_cat-endodontics","10":"first","11":"instock","12":"shipping-taxable","13":"purchasable","14":"product-type-simple"},"_links":{"self":[{"href":"https:\/\/goldberg.lv\/lv\/wp-json\/wp\/v2\/product\/2525","targetHints":{"allow":["GET"]}}],"collection":[{"href":"https:\/\/goldberg.lv\/lv\/wp-json\/wp\/v2\/product"}],"about":[{"href":"https:\/\/goldberg.lv\/lv\/wp-json\/wp\/v2\/types\/product"}],"wp:featuredmedia":[{"embeddable":true,"href":"https:\/\/goldberg.lv\/lv\/wp-json\/wp\/v2\/media\/4825"}],"wp:attachment":[{"href":"https:\/\/goldberg.lv\/lv\/wp-json\/wp\/v2\/media?parent=2525"}],"wp:term":[{"taxonomy":"product_brand","embeddable":true,"href":"https:\/\/goldberg.lv\/lv\/wp-json\/wp\/v2\/product_brand?post=2525"},{"taxonomy":"product_cat","embeddable":true,"href":"https:\/\/goldberg.lv\/lv\/wp-json\/wp\/v2\/product_cat?post=2525"},{"taxonomy":"product_tag","embeddable":true,"href":"https:\/\/goldberg.lv\/lv\/wp-json\/wp\/v2\/product_tag?post=2525"}],"curies":[{"name":"wp","href":"https:\/\/api.w.org\/{rel}","templated":true}]}}