{"id":2524,"date":"2025-11-03T14:50:57","date_gmt":"2025-11-03T11:50:57","guid":{"rendered":"https:\/\/goldberg.lv\/shop\/diadent-gutta-percha-points-dia-pro-w\/"},"modified":"2026-04-15T16:11:42","modified_gmt":"2026-04-15T13:11:42","slug":"diadent-gutta-percha-points-dia-pro-w","status":"publish","type":"product","link":"https:\/\/goldberg.lv\/lv\/shop\/diadent-gutta-percha-points-dia-pro-w\/","title":{"rendered":"DiaDent Gutta Percha punkti DIA-Pro-W"},"content":{"rendered":"<p><strong>Dia-Pro W Gutta Percha<\/strong>\u00a0papildina:<br \/>\nWaveOne\u00ae faili.<\/p>\n<p>Garums = 28 mm +\/- 1. Uz \u0161iem punktiem ir milimetru mar\u0137\u0113jums, un tie ir \u0113rt\u0101, ar vienu roku atveram\u0101 v\u0101ci\u0146a iepakojum\u0101.<\/p>","protected":false},"excerpt":{"rendered":"<p>Dia-Pro W Gutta Percha\u00a0complements: WaveOne\u00ae Files. Length = 28mm +\/- 1. These points are millimeter-marked and come in a convenient<\/p>","protected":false},"featured_media":4832,"template":"","meta":[],"product_brand":[90],"product_cat":[48,113],"product_tag":[],"class_list":{"0":"post-2524","1":"product","2":"type-product","3":"status-publish","4":"has-post-thumbnail","6":"product_brand-diadent","7":"product_cat-diadent","8":"product_cat-endodontics","10":"first","11":"instock","12":"shipping-taxable","13":"purchasable","14":"product-type-simple"},"_links":{"self":[{"href":"https:\/\/goldberg.lv\/lv\/wp-json\/wp\/v2\/product\/2524","targetHints":{"allow":["GET"]}}],"collection":[{"href":"https:\/\/goldberg.lv\/lv\/wp-json\/wp\/v2\/product"}],"about":[{"href":"https:\/\/goldberg.lv\/lv\/wp-json\/wp\/v2\/types\/product"}],"wp:featuredmedia":[{"embeddable":true,"href":"https:\/\/goldberg.lv\/lv\/wp-json\/wp\/v2\/media\/4832"}],"wp:attachment":[{"href":"https:\/\/goldberg.lv\/lv\/wp-json\/wp\/v2\/media?parent=2524"}],"wp:term":[{"taxonomy":"product_brand","embeddable":true,"href":"https:\/\/goldberg.lv\/lv\/wp-json\/wp\/v2\/product_brand?post=2524"},{"taxonomy":"product_cat","embeddable":true,"href":"https:\/\/goldberg.lv\/lv\/wp-json\/wp\/v2\/product_cat?post=2524"},{"taxonomy":"product_tag","embeddable":true,"href":"https:\/\/goldberg.lv\/lv\/wp-json\/wp\/v2\/product_tag?post=2524"}],"curies":[{"name":"wp","href":"https:\/\/api.w.org\/{rel}","templated":true}]}}