{"id":2522,"date":"2025-11-03T14:50:54","date_gmt":"2025-11-03T11:50:54","guid":{"rendered":"https:\/\/goldberg.lv\/shop\/diadent-gutta-percha-points-dia-pro-t-next\/"},"modified":"2026-04-15T16:11:41","modified_gmt":"2026-04-15T13:11:41","slug":"diadent-gutta-percha-points-dia-pro-t-next","status":"publish","type":"product","link":"https:\/\/goldberg.lv\/lv\/shop\/diadent-gutta-percha-points-dia-pro-t-next\/","title":{"rendered":"DiaDent Gutta Percha punkti DIA-PRO-T N\u0101kamais"},"content":{"rendered":"<p><strong>Dia-ProT NEXT\u00a0<\/strong>Gutta Percha papildina:<br \/>\nProTaper\u00ae Next, EdgeTaper\u2122 Encore. \u0160iem uzga\u013ciem ir milimetru mar\u0137\u0113jums, un tie ir iepakoti \u0113rt\u0101, ar vienu roku atveram\u0101 iepakojum\u0101.<\/p>","protected":false},"excerpt":{"rendered":"<p>Dia-ProT NEXT\u00a0Gutta Percha\u00a0complements: ProTaper\u00ae Next, EdgeTaper&#x2122; Encore. These points are millimeter-marked and are packaged in a convenient one-hand sliding-open package.<\/p>","protected":false},"featured_media":4830,"template":"","meta":[],"product_brand":[90],"product_cat":[48,113],"product_tag":[],"class_list":{"0":"post-2522","1":"product","2":"type-product","3":"status-publish","4":"has-post-thumbnail","6":"product_brand-diadent","7":"product_cat-diadent","8":"product_cat-endodontics","10":"first","11":"instock","12":"shipping-taxable","13":"purchasable","14":"product-type-simple"},"_links":{"self":[{"href":"https:\/\/goldberg.lv\/lv\/wp-json\/wp\/v2\/product\/2522","targetHints":{"allow":["GET"]}}],"collection":[{"href":"https:\/\/goldberg.lv\/lv\/wp-json\/wp\/v2\/product"}],"about":[{"href":"https:\/\/goldberg.lv\/lv\/wp-json\/wp\/v2\/types\/product"}],"wp:featuredmedia":[{"embeddable":true,"href":"https:\/\/goldberg.lv\/lv\/wp-json\/wp\/v2\/media\/4830"}],"wp:attachment":[{"href":"https:\/\/goldberg.lv\/lv\/wp-json\/wp\/v2\/media?parent=2522"}],"wp:term":[{"taxonomy":"product_brand","embeddable":true,"href":"https:\/\/goldberg.lv\/lv\/wp-json\/wp\/v2\/product_brand?post=2522"},{"taxonomy":"product_cat","embeddable":true,"href":"https:\/\/goldberg.lv\/lv\/wp-json\/wp\/v2\/product_cat?post=2522"},{"taxonomy":"product_tag","embeddable":true,"href":"https:\/\/goldberg.lv\/lv\/wp-json\/wp\/v2\/product_tag?post=2522"}],"curies":[{"name":"wp","href":"https:\/\/api.w.org\/{rel}","templated":true}]}}